{"id":171,"date":"2016-10-30T12:40:41","date_gmt":"2016-10-30T12:40:41","guid":{"rendered":"https:\/\/oceanwp.org\/travel\/?page_id=171"},"modified":"2025-06-25T16:40:36","modified_gmt":"2025-06-25T14:40:36","slug":"home","status":"publish","type":"page","link":"https:\/\/fumoir-angoulins.fr\/","title":{"rendered":"Restaurant La Rochelle Angoulins Aytr\u00e9 Chatelaillon"},"content":{"rendered":"<h1>Restaurant La Rochelle Angoulins Aytr\u00e9 Chatelaillon<\/h1>\n<p>Restaurant de poissons, fruits de mer, huitres, moules, v\u00e9g\u00e9tarien, algues<\/p>\n<h3>poisson fum\u00e9 fumaison artisan fumage<\/h3>\n<figure><\/figure>\n<h3>Table atypique<\/h3>\n<h3>Angoulins<\/h3>\n<h2>produits fum\u00e9s<\/h2>\n<article id=\"post-77\"><a title=\"restaurant atypique\" href=\"https:\/\/fumoir-angoulins.fr\/\">reservations 06.52.22.55.62<\/a>Coucher de soleil, restaurant avec vue, restaurant calme, restaurant kid friendly, vue mer<\/p>\n<\/article>\n<article id=\"post-81\">Restaurant bord de mer, cyclotourisme La Rochelle, Charente-maritime 17<\/p>\n<\/article>\n<p><!--.oew-newsletter-form-wrap--><br \/>\n<!-- .oew-newsletter-form --><\/p>\n","protected":false},"excerpt":{"rendered":"<p>Restaurant La Rochelle Angoulins Aytr\u00e9 Chatelaillon Restaurant de poissons, fruits de mer, huitres, moules, v\u00e9g\u00e9tarien, algues poisson fum\u00e9 fumaison artisan fumage Table atypique Angoulins produits fum\u00e9s reservations 06.52.22.55.62Coucher de soleil, restaurant avec vue, restaurant calme, restaurant kid friendly, vue mer Restaurant bord de mer, cyclotourisme La Rochelle, Charente-maritime 17<\/p>\n","protected":false},"author":1,"featured_media":7,"parent":0,"menu_order":0,"comment_status":"closed","ping_status":"closed","template":"","meta":{"advanced_seo_description":"","jetpack_seo_html_title":"","jetpack_seo_noindex":false,"footnotes":""},"class_list":["post-171","page","type-page","status-publish","has-post-thumbnail","hentry"],"jetpack_sharing_enabled":true,"_links":{"self":[{"href":"https:\/\/fumoir-angoulins.fr\/index.php\/wp-json\/wp\/v2\/pages\/171","targetHints":{"allow":["GET"]}}],"collection":[{"href":"https:\/\/fumoir-angoulins.fr\/index.php\/wp-json\/wp\/v2\/pages"}],"about":[{"href":"https:\/\/fumoir-angoulins.fr\/index.php\/wp-json\/wp\/v2\/types\/page"}],"author":[{"embeddable":true,"href":"https:\/\/fumoir-angoulins.fr\/index.php\/wp-json\/wp\/v2\/users\/1"}],"replies":[{"embeddable":true,"href":"https:\/\/fumoir-angoulins.fr\/index.php\/wp-json\/wp\/v2\/comments?post=171"}],"version-history":[{"count":3,"href":"https:\/\/fumoir-angoulins.fr\/index.php\/wp-json\/wp\/v2\/pages\/171\/revisions"}],"predecessor-version":[{"id":1286,"href":"https:\/\/fumoir-angoulins.fr\/index.php\/wp-json\/wp\/v2\/pages\/171\/revisions\/1286"}],"wp:featuredmedia":[{"embeddable":true,"href":"https:\/\/fumoir-angoulins.fr\/index.php\/wp-json\/wp\/v2\/media\/7"}],"wp:attachment":[{"href":"https:\/\/fumoir-angoulins.fr\/index.php\/wp-json\/wp\/v2\/media?parent=171"}],"curies":[{"name":"wp","href":"https:\/\/api.w.org\/{rel}","templated":true}]}}