{"id":2,"date":"2024-01-16T18:32:34","date_gmt":"2024-01-16T17:32:34","guid":{"rendered":"http:\/\/fumoir-angoulins.fr\/?page_id=2"},"modified":"2024-04-07T14:28:52","modified_gmt":"2024-04-07T12:28:52","slug":"page-d-exemple","status":"publish","type":"page","link":"https:\/\/fumoir-angoulins.fr\/index.php\/page-d-exemple\/","title":{"rendered":"Artisans de la mer"},"content":{"rendered":"\n<h2 class=\"wp-block-heading\">Ancr\u00e9s dans notre environnement<\/h2>\n\n\n\n<blockquote class=\"wp-block-quote is-layout-flow wp-block-quote-is-layout-flow\">\n<p>Revenir \u00e0 des gestes ancestraux pour savourer les produits locaux, changer d&rsquo;angle sur les ressources qui nous entourent. <\/p>\n<\/blockquote>\n\n\n\n<div class=\"wp-block-group has-background-light-background-color has-background is-layout-constrained wp-container-core-group-is-layout-5bd35887 wp-block-group-is-layout-constrained\" style=\"padding-top:68px\">\n<div class=\"wp-block-columns is-layout-flex wp-container-core-columns-is-layout-e0fbbc84 wp-block-columns-is-layout-flex\">\n<div class=\"wp-block-column is-style-ona-negative-offset-bottom is-layout-flow wp-block-column-is-layout-flow\">\n<figure class=\"wp-block-image size-large\"><img loading=\"lazy\" decoding=\"async\" width=\"1024\" height=\"1024\" src=\"http:\/\/fumoir-angoulins.fr\/wp-content\/uploads\/2024\/01\/CEFD4253-ED89-4225-886A-8751B7E241B1-1024x1024.jpeg\" alt=\"\" class=\"wp-image-590\" srcset=\"https:\/\/fumoir-angoulins.fr\/wp-content\/uploads\/2024\/01\/CEFD4253-ED89-4225-886A-8751B7E241B1-1024x1024.jpeg 1024w, https:\/\/fumoir-angoulins.fr\/wp-content\/uploads\/2024\/01\/CEFD4253-ED89-4225-886A-8751B7E241B1-300x300.jpeg 300w, https:\/\/fumoir-angoulins.fr\/wp-content\/uploads\/2024\/01\/CEFD4253-ED89-4225-886A-8751B7E241B1-150x150.jpeg 150w, https:\/\/fumoir-angoulins.fr\/wp-content\/uploads\/2024\/01\/CEFD4253-ED89-4225-886A-8751B7E241B1-768x768.jpeg 768w, https:\/\/fumoir-angoulins.fr\/wp-content\/uploads\/2024\/01\/CEFD4253-ED89-4225-886A-8751B7E241B1-1170x1170.jpeg 1170w, https:\/\/fumoir-angoulins.fr\/wp-content\/uploads\/2024\/01\/CEFD4253-ED89-4225-886A-8751B7E241B1-1320x1320.jpeg 1320w, https:\/\/fumoir-angoulins.fr\/wp-content\/uploads\/2024\/01\/CEFD4253-ED89-4225-886A-8751B7E241B1-600x600.jpeg 600w, https:\/\/fumoir-angoulins.fr\/wp-content\/uploads\/2024\/01\/CEFD4253-ED89-4225-886A-8751B7E241B1-100x100.jpeg 100w, https:\/\/fumoir-angoulins.fr\/wp-content\/uploads\/2024\/01\/CEFD4253-ED89-4225-886A-8751B7E241B1.jpeg 1350w\" sizes=\"auto, (max-width: 1024px) 100vw, 1024px\" \/><\/figure>\n<\/div>\n\n\n\n<div class=\"wp-block-column is-vertically-aligned-center is-layout-flow wp-block-column-is-layout-flow\">\n<h2 class=\"wp-block-heading is-style-ona-alt-font has-x-large-font-size\">Less is more<\/h2>\n\n\n\n<h3 class=\"wp-block-heading\" id=\"i-am-a-lifestyle-and-fashion-blogger-a-person-who-enjoys-travel\" style=\"margin-right:15%\">La Charente &#8211; maritime regorge de produits typiques que nous rendons simplement plus accessibles.<\/h3>\n<\/div>\n<\/div>\n<\/div>\n\n\n\n<div class=\"wp-block-group ona-container is-layout-constrained wp-block-group-is-layout-constrained\">\n<div style=\"height:120px\" aria-hidden=\"true\" class=\"wp-block-spacer\"><\/div>\n\n\n\n<hr class=\"wp-block-separator has-text-color has-foreground-color has-css-opacity has-foreground-background-color has-background is-style-default\"\/>\n\n\n\n<p class=\"has-text-align-center has-foreground-color has-text-color has-medium-large-font-size\" style=\"line-height:1.3\"><em>\u00ab&nbsp;Les algues, les poissons locaux, la production des marais : voici notre mati\u00e8re premi\u00e8re, ensuite ce n&rsquo;est que de la fantaisie&nbsp;\u00bb<\/em><\/p>\n\n\n\n<hr class=\"wp-block-separator has-text-color has-foreground-color has-css-opacity has-foreground-background-color has-background is-style-default\"\/>\n\n\n\n<div style=\"height:100px\" aria-hidden=\"true\" class=\"wp-block-spacer\"><\/div>\n<\/div>\n\n\n\n<div class=\"wp-block-group is-layout-flow wp-block-group-is-layout-flow\">\n<div class=\"wp-block-columns are-vertically-aligned-center is-layout-flex wp-container-core-columns-is-layout-d2ca7aa4 wp-block-columns-is-layout-flex\">\n<div class=\"wp-block-column is-vertically-aligned-center is-style-ona-shift-right is-layout-flow wp-block-column-is-layout-flow\">\n<div class=\"wp-block-group has-background-light-background-color has-background is-layout-flow wp-block-group-is-layout-flow\" style=\"padding-top:15%;padding-right:15%;padding-bottom:15%;padding-left:15%\">\n<h2 class=\"wp-block-heading has-text-align-center\" id=\"i-love-working-with-people-who-find-joy-in-the-little-things\" style=\"line-height:1.2\">\n\t\t\tJ\u2019aime travailler avec des gens qui trouvent leur bonheur dans les choses simples\n\t\t\t<\/h2>\n\n\n\n<p class=\"has-text-align-center\">Apprendre de l&rsquo;instant<\/p>\n<\/div>\n<\/div>\n\n\n\n<div class=\"wp-block-column is-vertically-aligned-center is-style-no-spacing is-layout-flow wp-block-column-is-layout-flow\">\n<div class=\"wp-block-cover is-light ona-promo-image\"><span aria-hidden=\"true\" class=\"wp-block-cover__background has-background-dim-0 has-background-dim\"><\/span><img loading=\"lazy\" decoding=\"async\" width=\"1001\" height=\"1500\" class=\"wp-block-cover__image-background wp-image-585\" alt=\"\" src=\"http:\/\/fumoir-angoulins.fr\/wp-content\/uploads\/2024\/01\/IMG_7555.jpeg\" data-object-fit=\"cover\" srcset=\"https:\/\/fumoir-angoulins.fr\/wp-content\/uploads\/2024\/01\/IMG_7555.jpeg 1001w, https:\/\/fumoir-angoulins.fr\/wp-content\/uploads\/2024\/01\/IMG_7555-200x300.jpeg 200w, https:\/\/fumoir-angoulins.fr\/wp-content\/uploads\/2024\/01\/IMG_7555-683x1024.jpeg 683w, https:\/\/fumoir-angoulins.fr\/wp-content\/uploads\/2024\/01\/IMG_7555-768x1151.jpeg 768w, https:\/\/fumoir-angoulins.fr\/wp-content\/uploads\/2024\/01\/IMG_7555-600x899.jpeg 600w\" sizes=\"auto, (max-width: 1001px) 100vw, 1001px\" \/><div class=\"wp-block-cover__inner-container is-layout-flow wp-block-cover-is-layout-flow\">\n<p class=\"has-text-align-center has-large-font-size\"><\/p>\n<\/div><\/div>\n<\/div>\n<\/div>\n<\/div>\n\n\n\n<div class=\"wp-block-group ona-container is-layout-constrained wp-container-core-group-is-layout-05539529 wp-block-group-is-layout-constrained\">\n<div style=\"height:60px\" aria-hidden=\"true\" class=\"wp-block-spacer\"><\/div>\n\n\n\n<div class=\"wp-block-columns is-layout-flex wp-container-core-columns-is-layout-28f84493 wp-block-columns-is-layout-flex\">\n<div class=\"wp-block-column is-layout-flow wp-block-column-is-layout-flow\" style=\"padding-top:40px;padding-right:40px;padding-bottom:40px;padding-left:40px\">\n<h1 class=\"wp-block-heading has-text-align-center has-large-font-size\" id=\"99\">Tout se fume<\/h1>\n\n\n\n<div class=\"wp-block-group is-layout-flow wp-block-group-is-layout-flow\">\n<p class=\"has-text-align-center\">On suit la p\u00eache locale et ses saisons privil\u00e9giant les petits bateaux et les m\u00e9thodes de p\u00eache raisonn\u00e9e<\/p>\n<\/div>\n<\/div>\n\n\n\n<div class=\"wp-block-column is-layout-flow wp-block-column-is-layout-flow\" style=\"padding-top:40px;padding-right:40px;padding-bottom:40px;padding-left:40px\">\n<div class=\"wp-block-group is-layout-flow wp-block-group-is-layout-flow\">\n<h3 class=\"wp-block-heading has-text-align-center has-large-font-size\" id=\"99\">Algues<\/h3>\n\n\n\n<p class=\"has-text-align-center\">P\u00eacheur d&rsquo;algues professionnel, nous travaillons ce nouveau panel de go\u00fbts de cette \u00ab\u00a0super-food\u00a0\u00bb<\/p>\n<\/div>\n<\/div>\n\n\n\n<div class=\"wp-block-column is-layout-flow wp-block-column-is-layout-flow\" style=\"padding-top:40px;padding-right:40px;padding-bottom:40px;padding-left:40px\">\n<div class=\"wp-block-group is-layout-flow wp-block-group-is-layout-flow\">\n<h3 class=\"wp-block-heading has-text-align-center has-large-font-size\" id=\"99\">\u00e0 table<\/h3>\n\n\n\n<p class=\"has-text-align-center\">Pour partager avec vous notre fa\u00e7on de consommer nos produits<\/p>\n<\/div>\n<\/div>\n<\/div>\n\n\n\n<div style=\"height:80px\" aria-hidden=\"true\" class=\"wp-block-spacer\"><\/div>\n\n\n\n<figure class=\"wp-block-embed is-provider-youtube wp-block-embed-youtube\"><div class=\"wp-block-embed__wrapper\">\n<iframe loading=\"lazy\" title=\"7 avril 2024\" width=\"1170\" height=\"658\" src=\"https:\/\/www.youtube.com\/embed\/gnVhr_J0Smo?feature=oembed\" frameborder=\"0\" allow=\"accelerometer; autoplay; clipboard-write; encrypted-media; gyroscope; picture-in-picture; web-share\" referrerpolicy=\"strict-origin-when-cross-origin\" allowfullscreen><\/iframe>\n<\/div><\/figure>\n<\/div>\n","protected":false},"excerpt":{"rendered":"<p>Ancr\u00e9s dans notre environnement Revenir \u00e0 des gestes ancestraux pour savourer les produits locaux, changer d&rsquo;angle sur les ressources qui nous entourent. Less is more La Charente &#8211; maritime regorge de produits typiques que nous rendons simplement plus accessibles. \u00ab&nbsp;Les algues, les poissons locaux, la production des marais : voici notre mati\u00e8re premi\u00e8re, ensuite ce [&hellip;]<\/p>\n","protected":false},"author":1,"featured_media":595,"parent":0,"menu_order":0,"comment_status":"closed","ping_status":"open","template":"","meta":{"advanced_seo_description":"","jetpack_seo_html_title":"","jetpack_seo_noindex":false,"footnotes":""},"class_list":["post-2","page","type-page","status-publish","has-post-thumbnail","hentry"],"jetpack_sharing_enabled":true,"_links":{"self":[{"href":"https:\/\/fumoir-angoulins.fr\/index.php\/wp-json\/wp\/v2\/pages\/2","targetHints":{"allow":["GET"]}}],"collection":[{"href":"https:\/\/fumoir-angoulins.fr\/index.php\/wp-json\/wp\/v2\/pages"}],"about":[{"href":"https:\/\/fumoir-angoulins.fr\/index.php\/wp-json\/wp\/v2\/types\/page"}],"author":[{"embeddable":true,"href":"https:\/\/fumoir-angoulins.fr\/index.php\/wp-json\/wp\/v2\/users\/1"}],"replies":[{"embeddable":true,"href":"https:\/\/fumoir-angoulins.fr\/index.php\/wp-json\/wp\/v2\/comments?post=2"}],"version-history":[{"count":11,"href":"https:\/\/fumoir-angoulins.fr\/index.php\/wp-json\/wp\/v2\/pages\/2\/revisions"}],"predecessor-version":[{"id":1312,"href":"https:\/\/fumoir-angoulins.fr\/index.php\/wp-json\/wp\/v2\/pages\/2\/revisions\/1312"}],"wp:featuredmedia":[{"embeddable":true,"href":"https:\/\/fumoir-angoulins.fr\/index.php\/wp-json\/wp\/v2\/media\/595"}],"wp:attachment":[{"href":"https:\/\/fumoir-angoulins.fr\/index.php\/wp-json\/wp\/v2\/media?parent=2"}],"curies":[{"name":"wp","href":"https:\/\/api.w.org\/{rel}","templated":true}]}}