{"id":24,"date":"2024-01-16T21:27:02","date_gmt":"2024-01-16T20:27:02","guid":{"rendered":"http:\/\/fumoir-angoulins.fr\/?page_id=24"},"modified":"2024-01-29T12:32:29","modified_gmt":"2024-01-29T11:32:29","slug":"revue-de-presse","status":"publish","type":"page","link":"https:\/\/fumoir-angoulins.fr\/index.php\/revue-de-presse\/","title":{"rendered":"Revue de presse"},"content":{"rendered":"\n<p>Notre activit\u00e9 atypique a suscit\u00e9 de belles rencontres <\/p>\n\n\n\n<h2 class=\"wp-block-heading\">Elle \u00e0 table<\/h2>\n\n\n\n<p>Reportage sur les bonnes adresses de La Rochelle. Parution janvier-f\u00e9vrier 2024<\/p>\n\n\n\n<figure class=\"wp-block-gallery has-nested-images columns-default is-cropped wp-block-gallery-1 is-layout-flex wp-block-gallery-is-layout-flex\">\n<figure class=\"wp-block-image size-large\"><img loading=\"lazy\" decoding=\"async\" width=\"819\" height=\"1024\" data-id=\"515\" src=\"https:\/\/fumoir-angoulins.fr\/wp-content\/uploads\/2024\/01\/page0-819x1024.jpeg\" alt=\"\" class=\"wp-image-515\" srcset=\"https:\/\/fumoir-angoulins.fr\/wp-content\/uploads\/2024\/01\/page0-819x1024.jpeg 819w, https:\/\/fumoir-angoulins.fr\/wp-content\/uploads\/2024\/01\/page0-240x300.jpeg 240w, https:\/\/fumoir-angoulins.fr\/wp-content\/uploads\/2024\/01\/page0-768x960.jpeg 768w, https:\/\/fumoir-angoulins.fr\/wp-content\/uploads\/2024\/01\/page0-600x750.jpeg 600w, https:\/\/fumoir-angoulins.fr\/wp-content\/uploads\/2024\/01\/page0.jpeg 1080w\" sizes=\"auto, (max-width: 819px) 100vw, 819px\" \/><\/figure>\n\n\n\n<figure class=\"wp-block-image size-large\"><img loading=\"lazy\" decoding=\"async\" width=\"768\" height=\"1024\" data-id=\"518\" src=\"https:\/\/fumoir-angoulins.fr\/wp-content\/uploads\/2024\/01\/IMG_8411-768x1024.jpeg\" alt=\"\" class=\"wp-image-518\" srcset=\"https:\/\/fumoir-angoulins.fr\/wp-content\/uploads\/2024\/01\/IMG_8411-768x1024.jpeg 768w, https:\/\/fumoir-angoulins.fr\/wp-content\/uploads\/2024\/01\/IMG_8411-225x300.jpeg 225w, https:\/\/fumoir-angoulins.fr\/wp-content\/uploads\/2024\/01\/IMG_8411-1152x1536.jpeg 1152w, https:\/\/fumoir-angoulins.fr\/wp-content\/uploads\/2024\/01\/IMG_8411-1536x2048.jpeg 1536w, https:\/\/fumoir-angoulins.fr\/wp-content\/uploads\/2024\/01\/IMG_8411-1170x1560.jpeg 1170w, https:\/\/fumoir-angoulins.fr\/wp-content\/uploads\/2024\/01\/IMG_8411-1320x1760.jpeg 1320w, https:\/\/fumoir-angoulins.fr\/wp-content\/uploads\/2024\/01\/IMG_8411-600x800.jpeg 600w, https:\/\/fumoir-angoulins.fr\/wp-content\/uploads\/2024\/01\/IMG_8411-scaled.jpeg 1920w\" sizes=\"auto, (max-width: 768px) 100vw, 768px\" \/><\/figure>\n\n\n\n<figure class=\"wp-block-image size-large\"><img loading=\"lazy\" decoding=\"async\" width=\"768\" height=\"1024\" data-id=\"517\" src=\"https:\/\/fumoir-angoulins.fr\/wp-content\/uploads\/2024\/01\/IMG_8395-768x1024.jpeg\" alt=\"\" class=\"wp-image-517\" srcset=\"https:\/\/fumoir-angoulins.fr\/wp-content\/uploads\/2024\/01\/IMG_8395-768x1024.jpeg 768w, https:\/\/fumoir-angoulins.fr\/wp-content\/uploads\/2024\/01\/IMG_8395-225x300.jpeg 225w, https:\/\/fumoir-angoulins.fr\/wp-content\/uploads\/2024\/01\/IMG_8395-1152x1536.jpeg 1152w, https:\/\/fumoir-angoulins.fr\/wp-content\/uploads\/2024\/01\/IMG_8395-1536x2048.jpeg 1536w, https:\/\/fumoir-angoulins.fr\/wp-content\/uploads\/2024\/01\/IMG_8395-1170x1560.jpeg 1170w, https:\/\/fumoir-angoulins.fr\/wp-content\/uploads\/2024\/01\/IMG_8395-1320x1760.jpeg 1320w, https:\/\/fumoir-angoulins.fr\/wp-content\/uploads\/2024\/01\/IMG_8395-600x800.jpeg 600w, https:\/\/fumoir-angoulins.fr\/wp-content\/uploads\/2024\/01\/IMG_8395-scaled.jpeg 1920w\" sizes=\"auto, (max-width: 768px) 100vw, 768px\" \/><\/figure>\n<\/figure>\n\n\n\n<div class=\"wp-block-buttons is-layout-flex wp-block-buttons-is-layout-flex\">\n<div class=\"wp-block-button\"><a class=\"wp-block-button__link has-text-align-center wp-element-button\" href=\"https:\/\/www.elle.fr\/Elle-a-Table\/Les-dossiers-de-la-redaction\/Dossier-de-la-redac\/Adresses-gourmandes-La-Rochelle-Charente-Maritime#Pot-au-feu-de-pe-che-du-jour-du-restaurant-Annette\" target=\"_blank\" rel=\"noreferrer noopener\">Lire le dossier de la r\u00e9daction<\/a><\/div>\n<\/div>\n\n\n\n<hr class=\"wp-block-separator aligncenter has-alpha-channel-opacity is-style-dots\"\/>\n\n\n\n<h2 class=\"wp-block-heading\">Cuisine avec Justine Piluso<\/h2>\n\n\n\n<div class=\"wp-block-media-text is-stacked-on-mobile\"><figure class=\"wp-block-media-text__media\"><img loading=\"lazy\" decoding=\"async\" width=\"768\" height=\"1024\" src=\"http:\/\/fumoir-angoulins.fr\/wp-content\/uploads\/2024\/01\/IMG_5934-768x1024.jpeg\" alt=\"\" class=\"wp-image-566 size-full\" srcset=\"https:\/\/fumoir-angoulins.fr\/wp-content\/uploads\/2024\/01\/IMG_5934-768x1024.jpeg 768w, https:\/\/fumoir-angoulins.fr\/wp-content\/uploads\/2024\/01\/IMG_5934-225x300.jpeg 225w, https:\/\/fumoir-angoulins.fr\/wp-content\/uploads\/2024\/01\/IMG_5934-1152x1536.jpeg 1152w, https:\/\/fumoir-angoulins.fr\/wp-content\/uploads\/2024\/01\/IMG_5934-1536x2048.jpeg 1536w, https:\/\/fumoir-angoulins.fr\/wp-content\/uploads\/2024\/01\/IMG_5934-1170x1560.jpeg 1170w, https:\/\/fumoir-angoulins.fr\/wp-content\/uploads\/2024\/01\/IMG_5934-1320x1760.jpeg 1320w, https:\/\/fumoir-angoulins.fr\/wp-content\/uploads\/2024\/01\/IMG_5934-600x800.jpeg 600w, https:\/\/fumoir-angoulins.fr\/wp-content\/uploads\/2024\/01\/IMG_5934-scaled.jpeg 1920w\" sizes=\"auto, (max-width: 768px) 100vw, 768px\" \/><\/figure><div class=\"wp-block-media-text__content\">\n<p>F\u00e9vrier 2023 &#8211; Une \u00e9quipe super sympa, 2 jours de tournage avec la cheffe Justine aussi nature et p\u00e9tillante qu&rsquo;\u00e0 l&rsquo;\u00e9cran<\/p>\n\n\n\n<figure class=\"wp-block-image size-full\"><img loading=\"lazy\" decoding=\"async\" width=\"700\" height=\"420\" src=\"http:\/\/fumoir-angoulins.fr\/wp-content\/uploads\/2024\/01\/IMG_6273.jpeg\" alt=\"\" class=\"wp-image-611\" srcset=\"https:\/\/fumoir-angoulins.fr\/wp-content\/uploads\/2024\/01\/IMG_6273.jpeg 700w, https:\/\/fumoir-angoulins.fr\/wp-content\/uploads\/2024\/01\/IMG_6273-300x180.jpeg 300w, https:\/\/fumoir-angoulins.fr\/wp-content\/uploads\/2024\/01\/IMG_6273-600x360.jpeg 600w\" sizes=\"auto, (max-width: 700px) 100vw, 700px\" \/><\/figure>\n\n\n\n<div class=\"wp-block-buttons is-layout-flex wp-block-buttons-is-layout-flex\">\n<div class=\"wp-block-button\"><a class=\"wp-block-button__link wp-element-button\" href=\"https:\/\/www.france.tv\/france-3\/le-gout-des-rencontres\/4783771-dolmas-de-merlu-fume-topinambours.html\" target=\"_blank\" rel=\"noreferrer noopener\">Le replay<\/a><\/div>\n<\/div>\n<\/div><\/div>\n\n\n\n<hr class=\"wp-block-separator aligncenter has-alpha-channel-opacity is-style-dots\"\/>\n\n\n\n<h2 class=\"wp-block-heading\">Norbert au Fumoir<\/h2>\n\n\n\n<div class=\"wp-block-jetpack-tiled-gallery aligncenter is-style-rectangular\"><div class=\"tiled-gallery__gallery\"><div class=\"tiled-gallery__row\"><div class=\"tiled-gallery__col\" style=\"flex-basis:24.71788%\"><figure class=\"tiled-gallery__item\"><img decoding=\"async\" srcset=\"https:\/\/i1.wp.com\/fumoir-angoulins.fr\/wp-content\/uploads\/2024\/01\/page0-7-819x1024.jpeg?strip=info&#038;w=600 600w,https:\/\/i1.wp.com\/fumoir-angoulins.fr\/wp-content\/uploads\/2024\/01\/page0-7-819x1024.jpeg?strip=info&#038;w=900 900w,https:\/\/i1.wp.com\/fumoir-angoulins.fr\/wp-content\/uploads\/2024\/01\/page0-7-819x1024.jpeg?strip=info&#038;w=1080 1080w\" alt=\"\" data-height=\"1350\" data-id=\"613\" data-link=\"http:\/\/fumoir-angoulins.fr\/page0-7\/\" data-url=\"http:\/\/fumoir-angoulins.fr\/wp-content\/uploads\/2024\/01\/page0-7-819x1024.jpeg\" data-width=\"1080\" src=\"https:\/\/i1.wp.com\/fumoir-angoulins.fr\/wp-content\/uploads\/2024\/01\/page0-7-819x1024.jpeg\" data-amp-layout=\"responsive\"\/><\/figure><\/div><div class=\"tiled-gallery__col\" style=\"flex-basis:30.86845%\"><figure class=\"tiled-gallery__item\"><img decoding=\"async\" srcset=\"https:\/\/i0.wp.com\/fumoir-angoulins.fr\/wp-content\/uploads\/2024\/01\/IMG_6272.jpeg?strip=info&#038;w=225 225w\" alt=\"\" data-height=\"225\" data-id=\"612\" data-link=\"http:\/\/fumoir-angoulins.fr\/img_6272\/\" data-url=\"http:\/\/fumoir-angoulins.fr\/wp-content\/uploads\/2024\/01\/IMG_6272.jpeg\" data-width=\"225\" src=\"https:\/\/i0.wp.com\/fumoir-angoulins.fr\/wp-content\/uploads\/2024\/01\/IMG_6272.jpeg\" data-amp-layout=\"responsive\"\/><\/figure><\/div><div class=\"tiled-gallery__col\" style=\"flex-basis:23.18024%\"><figure class=\"tiled-gallery__item\"><img decoding=\"async\" srcset=\"https:\/\/i2.wp.com\/fumoir-angoulins.fr\/wp-content\/uploads\/2024\/01\/IMG_4774-768x1024.jpeg?strip=info&#038;w=600 600w,https:\/\/i2.wp.com\/fumoir-angoulins.fr\/wp-content\/uploads\/2024\/01\/IMG_4774-768x1024.jpeg?strip=info&#038;w=900 900w,https:\/\/i2.wp.com\/fumoir-angoulins.fr\/wp-content\/uploads\/2024\/01\/IMG_4774-768x1024.jpeg?strip=info&#038;w=1200 1200w,https:\/\/i2.wp.com\/fumoir-angoulins.fr\/wp-content\/uploads\/2024\/01\/IMG_4774-768x1024.jpeg?strip=info&#038;w=1500 1500w,https:\/\/i2.wp.com\/fumoir-angoulins.fr\/wp-content\/uploads\/2024\/01\/IMG_4774-768x1024.jpeg?strip=info&#038;w=1800 1800w,https:\/\/i2.wp.com\/fumoir-angoulins.fr\/wp-content\/uploads\/2024\/01\/IMG_4774-768x1024.jpeg?strip=info&#038;w=1920 1920w\" alt=\"\" data-height=\"2560\" data-id=\"588\" data-link=\"http:\/\/fumoir-angoulins.fr\/img_4774\/\" data-url=\"http:\/\/fumoir-angoulins.fr\/wp-content\/uploads\/2024\/01\/IMG_4774-768x1024.jpeg\" data-width=\"1920\" src=\"https:\/\/i2.wp.com\/fumoir-angoulins.fr\/wp-content\/uploads\/2024\/01\/IMG_4774-768x1024.jpeg\" data-amp-layout=\"responsive\"\/><\/figure><\/div><div class=\"tiled-gallery__col\" style=\"flex-basis:21.23344%\"><figure class=\"tiled-gallery__item\"><img decoding=\"async\" srcset=\"https:\/\/i0.wp.com\/fumoir-angoulins.fr\/wp-content\/uploads\/2024\/01\/IMG_6245-703x1024.jpeg?strip=info&#038;w=600 600w,https:\/\/i0.wp.com\/fumoir-angoulins.fr\/wp-content\/uploads\/2024\/01\/IMG_6245-703x1024.jpeg?strip=info&#038;w=900 900w,https:\/\/i0.wp.com\/fumoir-angoulins.fr\/wp-content\/uploads\/2024\/01\/IMG_6245-703x1024.jpeg?strip=info&#038;w=960 960w\" alt=\"\" data-height=\"1398\" data-id=\"615\" data-link=\"http:\/\/fumoir-angoulins.fr\/img_6245\/\" data-url=\"http:\/\/fumoir-angoulins.fr\/wp-content\/uploads\/2024\/01\/IMG_6245-703x1024.jpeg\" data-width=\"960\" src=\"https:\/\/i0.wp.com\/fumoir-angoulins.fr\/wp-content\/uploads\/2024\/01\/IMG_6245-703x1024.jpeg\" data-amp-layout=\"responsive\"\/><\/figure><\/div><\/div><\/div><\/div>\n\n\n\n<div class=\"wp-block-media-text has-media-on-the-right is-stacked-on-mobile\"><div class=\"wp-block-media-text__content\">\n<p>Norbert cr\u00e9e le d\u00e9fi \u00e0 partir de notre <strong>merlu fum\u00e9<\/strong> ! D\u00e9fi relev\u00e9 par les boulangeries <strong>R\u00eaveur de pain<\/strong>&nbsp;\u00e0 La Rochelle et chez&nbsp;<strong>Ben et Antoine<\/strong>&nbsp;\u00e0 Aytr\u00e9. Bravo \u00e0 eux et nous qu&rsquo;est-ce qu&rsquo;on a rigol\u00e9 \ud83d\ude42<\/p>\n<\/div><figure class=\"wp-block-media-text__media\"><img loading=\"lazy\" decoding=\"async\" width=\"768\" height=\"1024\" src=\"http:\/\/fumoir-angoulins.fr\/wp-content\/uploads\/2024\/01\/IMG_4774-768x1024.jpeg\" alt=\"\" class=\"wp-image-588 size-full\" srcset=\"https:\/\/fumoir-angoulins.fr\/wp-content\/uploads\/2024\/01\/IMG_4774-768x1024.jpeg 768w, https:\/\/fumoir-angoulins.fr\/wp-content\/uploads\/2024\/01\/IMG_4774-225x300.jpeg 225w, https:\/\/fumoir-angoulins.fr\/wp-content\/uploads\/2024\/01\/IMG_4774-1152x1536.jpeg 1152w, https:\/\/fumoir-angoulins.fr\/wp-content\/uploads\/2024\/01\/IMG_4774-1536x2048.jpeg 1536w, https:\/\/fumoir-angoulins.fr\/wp-content\/uploads\/2024\/01\/IMG_4774-1170x1560.jpeg 1170w, https:\/\/fumoir-angoulins.fr\/wp-content\/uploads\/2024\/01\/IMG_4774-1320x1760.jpeg 1320w, https:\/\/fumoir-angoulins.fr\/wp-content\/uploads\/2024\/01\/IMG_4774-600x800.jpeg 600w, https:\/\/fumoir-angoulins.fr\/wp-content\/uploads\/2024\/01\/IMG_4774-scaled.jpeg 1920w\" sizes=\"auto, (max-width: 768px) 100vw, 768px\" \/><\/figure><\/div>\n\n\n\n<hr class=\"wp-block-separator aligncenter has-alpha-channel-opacity is-style-dots\"\/>\n\n\n\n<h2 class=\"wp-block-heading\">M\u00e9t\u00e9o \u00e0 la carte<\/h2>\n\n\n\n<div class=\"wp-block-media-text is-stacked-on-mobile\"><figure class=\"wp-block-media-text__media\"><img loading=\"lazy\" decoding=\"async\" width=\"1024\" height=\"473\" src=\"http:\/\/fumoir-angoulins.fr\/wp-content\/uploads\/2024\/01\/IMG_8311-1024x473.png\" alt=\"\" class=\"wp-image-609 size-full\" srcset=\"https:\/\/fumoir-angoulins.fr\/wp-content\/uploads\/2024\/01\/IMG_8311-1024x473.png 1024w, https:\/\/fumoir-angoulins.fr\/wp-content\/uploads\/2024\/01\/IMG_8311-300x139.png 300w, https:\/\/fumoir-angoulins.fr\/wp-content\/uploads\/2024\/01\/IMG_8311-768x355.png 768w, https:\/\/fumoir-angoulins.fr\/wp-content\/uploads\/2024\/01\/IMG_8311-1536x709.png 1536w, https:\/\/fumoir-angoulins.fr\/wp-content\/uploads\/2024\/01\/IMG_8311-2048x946.png 2048w, https:\/\/fumoir-angoulins.fr\/wp-content\/uploads\/2024\/01\/IMG_8311-1170x540.png 1170w, https:\/\/fumoir-angoulins.fr\/wp-content\/uploads\/2024\/01\/IMG_8311-1320x610.png 1320w, https:\/\/fumoir-angoulins.fr\/wp-content\/uploads\/2024\/01\/IMG_8311-600x277.png 600w\" sizes=\"auto, (max-width: 1024px) 100vw, 1024px\" \/><\/figure><div class=\"wp-block-media-text__content\">\n<p>Octobre 2023 &#8211; un sujet qui pr\u00e9sente bien notre travail sur France 3 <\/p>\n<\/div><\/div>\n\n\n\n<hr class=\"wp-block-separator aligncenter has-alpha-channel-opacity is-style-dots\"\/>\n\n\n\n<figure class=\"wp-block-embed is-type-video is-provider-youtube wp-block-embed-youtube wp-embed-aspect-16-9 wp-has-aspect-ratio\"><div class=\"wp-block-embed__wrapper\">\n<iframe loading=\"lazy\" title=\"Fumoir d\u2019Angoulins : p\u00eache locale &amp; algues : boutique &amp; bistrot\" width=\"1170\" height=\"658\" src=\"https:\/\/www.youtube.com\/embed\/bEiM58yVhtA?start=232&#038;feature=oembed\" frameborder=\"0\" allow=\"accelerometer; autoplay; clipboard-write; encrypted-media; gyroscope; picture-in-picture; web-share\" allowfullscreen><\/iframe>\n<\/div><\/figure>\n\n\n\n<hr class=\"wp-block-separator aligncenter has-alpha-channel-opacity is-style-dots\"\/>\n\n\n\n<h2 class=\"wp-block-heading\">Nos algues sur TV5 Monde<\/h2>\n\n\n\n<div class=\"wp-block-media-text has-media-on-the-right is-stacked-on-mobile\"><div class=\"wp-block-media-text__content\">\n<p>Une pr\u00e9sentation en deux parties premi\u00e8re diffusion d\u00e9cembre 2022<\/p>\n\n\n\n<div class=\"wp-block-buttons is-layout-flex wp-block-buttons-is-layout-flex\">\n<div class=\"wp-block-button\"><a class=\"wp-block-button__link wp-element-button\" href=\"https:\/\/www.tv5monde.com\/emissions\/episode\/epicerie-fine-l-aunis\" target=\"_blank\" rel=\"noreferrer noopener\">Le replay<\/a><\/div>\n<\/div>\n<\/div><figure class=\"wp-block-media-text__media\"><img loading=\"lazy\" decoding=\"async\" width=\"900\" height=\"949\" src=\"http:\/\/fumoir-angoulins.fr\/wp-content\/uploads\/2024\/01\/IMG_7551.jpeg\" alt=\"\" class=\"wp-image-578 size-full\" srcset=\"https:\/\/fumoir-angoulins.fr\/wp-content\/uploads\/2024\/01\/IMG_7551.jpeg 900w, https:\/\/fumoir-angoulins.fr\/wp-content\/uploads\/2024\/01\/IMG_7551-285x300.jpeg 285w, https:\/\/fumoir-angoulins.fr\/wp-content\/uploads\/2024\/01\/IMG_7551-768x810.jpeg 768w, https:\/\/fumoir-angoulins.fr\/wp-content\/uploads\/2024\/01\/IMG_7551-600x633.jpeg 600w\" sizes=\"auto, (max-width: 900px) 100vw, 900px\" \/><\/figure><\/div>\n","protected":false},"excerpt":{"rendered":"<p>Notre activit\u00e9 atypique a suscit\u00e9 de belles rencontres Elle \u00e0 table Reportage sur les bonnes adresses de La Rochelle. Parution janvier-f\u00e9vrier 2024 Cuisine avec Justine Piluso Norbert au Fumoir Norbert cr\u00e9e le d\u00e9fi \u00e0 partir de notre merlu fum\u00e9 ! D\u00e9fi relev\u00e9 par les boulangeries R\u00eaveur de pain&nbsp;\u00e0 La Rochelle et chez&nbsp;Ben et Antoine&nbsp;\u00e0 Aytr\u00e9. [&hellip;]<\/p>\n","protected":false},"author":1,"featured_media":520,"parent":0,"menu_order":0,"comment_status":"closed","ping_status":"closed","template":"","meta":{"advanced_seo_description":"Les bonnes adresses de Elle ","jetpack_seo_html_title":"Le Fumoir d\u2019Angoulins dans Elle magazine ","jetpack_seo_noindex":false,"footnotes":""},"class_list":["post-24","page","type-page","status-publish","has-post-thumbnail","hentry"],"jetpack_sharing_enabled":true,"_links":{"self":[{"href":"https:\/\/fumoir-angoulins.fr\/index.php\/wp-json\/wp\/v2\/pages\/24","targetHints":{"allow":["GET"]}}],"collection":[{"href":"https:\/\/fumoir-angoulins.fr\/index.php\/wp-json\/wp\/v2\/pages"}],"about":[{"href":"https:\/\/fumoir-angoulins.fr\/index.php\/wp-json\/wp\/v2\/types\/page"}],"author":[{"embeddable":true,"href":"https:\/\/fumoir-angoulins.fr\/index.php\/wp-json\/wp\/v2\/users\/1"}],"replies":[{"embeddable":true,"href":"https:\/\/fumoir-angoulins.fr\/index.php\/wp-json\/wp\/v2\/comments?post=24"}],"version-history":[{"count":11,"href":"https:\/\/fumoir-angoulins.fr\/index.php\/wp-json\/wp\/v2\/pages\/24\/revisions"}],"predecessor-version":[{"id":624,"href":"https:\/\/fumoir-angoulins.fr\/index.php\/wp-json\/wp\/v2\/pages\/24\/revisions\/624"}],"wp:featuredmedia":[{"embeddable":true,"href":"https:\/\/fumoir-angoulins.fr\/index.php\/wp-json\/wp\/v2\/media\/520"}],"wp:attachment":[{"href":"https:\/\/fumoir-angoulins.fr\/index.php\/wp-json\/wp\/v2\/media?parent=24"}],"curies":[{"name":"wp","href":"https:\/\/api.w.org\/{rel}","templated":true}]}}