{"id":28,"date":"2024-01-16T21:35:33","date_gmt":"2024-01-16T20:35:33","guid":{"rendered":"http:\/\/fumoir-angoulins.fr\/?page_id=28"},"modified":"2025-11-18T11:34:20","modified_gmt":"2025-11-18T10:34:20","slug":"e-shop","status":"publish","type":"page","link":"https:\/\/fumoir-angoulins.fr\/index.php\/e-shop\/","title":{"rendered":"e-shop"},"content":{"rendered":"\n<blockquote class=\"wp-block-quote is-layout-flow wp-block-quote-is-layout-flow\">\n<p id=\"block-57472921-e0bf-4760-af99-e4c5b46ab8f6\">Notre eShop iod\u00e9 est une plateforme de commandes d\u00e9di\u00e9 aux f\u00eates de fin d&rsquo;ann\u00e9e.<\/p>\n\n\n\n<ul id=\"block-550e687a-c368-485b-9ce8-2908963652cd\" class=\"wp-block-list\">\n<li>Faites votre choix, composez votre panier.<\/li>\n\n\n\n<li>Renseignez bien vos coordonn\u00e9es et indiquez-nous l<strong>e jour du retrait de votre commande au Fumoir \u00e0 Angoulins<\/strong>.<\/li>\n\n\n\n<li>Pas de paiement en ligne, le r\u00e8glement se fera le jour du retrait.<\/li>\n\n\n\n<li>Les tarifs sont indicatifs, il sera ajust\u00e9 au poids\/prix exact.<\/li>\n<\/ul>\n<\/blockquote>\n\n\n\n<p class=\"has-text-align-center\" id=\"block-740200ba-a564-4c89-a1ed-6faae5c3163f\"><em>Pas d&rsquo;exp\u00e9dition Chronofresh cette ann\u00e9e (les frais sont trop \u00e9lev\u00e9s)<\/em><\/p>\n","protected":false},"excerpt":{"rendered":"<p>Pas d&rsquo;exp\u00e9dition Chronofresh cette ann\u00e9e (les frais sont trop \u00e9lev\u00e9s)<\/p>\n","protected":false},"author":1,"featured_media":0,"parent":0,"menu_order":0,"comment_status":"closed","ping_status":"closed","template":"","meta":{"advanced_seo_description":"","jetpack_seo_html_title":"","jetpack_seo_noindex":false,"footnotes":""},"class_list":["post-28","page","type-page","status-publish","hentry"],"jetpack_sharing_enabled":true,"_links":{"self":[{"href":"https:\/\/fumoir-angoulins.fr\/index.php\/wp-json\/wp\/v2\/pages\/28","targetHints":{"allow":["GET"]}}],"collection":[{"href":"https:\/\/fumoir-angoulins.fr\/index.php\/wp-json\/wp\/v2\/pages"}],"about":[{"href":"https:\/\/fumoir-angoulins.fr\/index.php\/wp-json\/wp\/v2\/types\/page"}],"author":[{"embeddable":true,"href":"https:\/\/fumoir-angoulins.fr\/index.php\/wp-json\/wp\/v2\/users\/1"}],"replies":[{"embeddable":true,"href":"https:\/\/fumoir-angoulins.fr\/index.php\/wp-json\/wp\/v2\/comments?post=28"}],"version-history":[{"count":3,"href":"https:\/\/fumoir-angoulins.fr\/index.php\/wp-json\/wp\/v2\/pages\/28\/revisions"}],"predecessor-version":[{"id":1386,"href":"https:\/\/fumoir-angoulins.fr\/index.php\/wp-json\/wp\/v2\/pages\/28\/revisions\/1386"}],"wp:attachment":[{"href":"https:\/\/fumoir-angoulins.fr\/index.php\/wp-json\/wp\/v2\/media?parent=28"}],"curies":[{"name":"wp","href":"https:\/\/api.w.org\/{rel}","templated":true}]}}