{"id":626,"date":"2024-01-29T12:54:46","date_gmt":"2024-01-29T11:54:46","guid":{"rendered":"https:\/\/fumoir-angoulins.fr\/?page_id=626"},"modified":"2025-04-23T18:29:23","modified_gmt":"2025-04-23T16:29:23","slug":"un-lieu-de-vies","status":"publish","type":"page","link":"https:\/\/fumoir-angoulins.fr\/index.php\/un-lieu-de-vies\/","title":{"rendered":"Un lieu de vies"},"content":{"rendered":"\n<p>Cette ancienne cabane ostr\u00e9icole, au c\u0153ur des marais, dans cette zone naturelle \u00e0 20 minutes \u00e0 v\u00e9lo au sud de La Rochelle offre un espace atypique pour rendre possible des rencontres insolites<\/p>\n\n\n\n<h2 class=\"wp-block-heading\">Des concerts, des ateliers, des rencontres&#8230;<\/h2>\n\n\n\n<p>Une sc\u00e8ne en plein air, un atelier culinaire, et\/ou artistique, une d\u00e9couverte p\u00e9dagogique de cet environnement naturel sp\u00e9cifique, des concerts live, des projections d&rsquo;\u00e9v\u00e8nements sportifs, des performances th\u00e9\u00e2trales, des parcours chant\u00e9s.. <br>nous avons pass\u00e9 de tr\u00e8s beaux moments. Suivez notre agenda !<\/p>\n\n\n\n<div class=\"wp-block-buttons is-content-justification-center is-layout-flex wp-container-core-buttons-is-layout-a89b3969 wp-block-buttons-is-layout-flex\">\n<div class=\"wp-block-button\"><a class=\"wp-block-button__link has-text-align-center wp-element-button\" href=\"http:\/\/fumoir-angoulins.fr\/index.php\/notre-agenda\/\">Notre agenda<\/a><\/div>\n<\/div>\n\n\n\n<hr class=\"wp-block-separator has-alpha-channel-opacity\"\/>\n\n\n\n<div class=\"wp-block-jetpack-tiled-gallery aligncenter is-style-rectangular\"><div class=\"tiled-gallery__gallery\"><div class=\"tiled-gallery__row\"><div class=\"tiled-gallery__col\" style=\"flex-basis:41.10735%\"><figure class=\"tiled-gallery__item\"><img decoding=\"async\" srcset=\"https:\/\/i1.wp.com\/fumoir-angoulins.fr\/wp-content\/uploads\/2024\/02\/IMG_8559.jpeg?strip=info&#038;w=479&#038;ssl=1 479w\" alt=\"\" data-height=\"311\" data-id=\"646\" data-link=\"https:\/\/fumoir-angoulins.fr\/index.php\/un-lieu-de-vies\/img_8559\/\" data-url=\"https:\/\/fumoir-angoulins.fr\/wp-content\/uploads\/2024\/02\/IMG_8559.jpeg\" data-width=\"479\" src=\"https:\/\/i1.wp.com\/fumoir-angoulins.fr\/wp-content\/uploads\/2024\/02\/IMG_8559.jpeg?ssl=1\" data-amp-layout=\"responsive\"\/><\/figure><\/div><div class=\"tiled-gallery__col\" style=\"flex-basis:58.89265%\"><figure class=\"tiled-gallery__item\"><img decoding=\"async\" srcset=\"https:\/\/i1.wp.com\/fumoir-angoulins.fr\/wp-content\/uploads\/2024\/02\/IMG_7363.jpeg?strip=info&#038;w=600&#038;ssl=1 600w,https:\/\/i1.wp.com\/fumoir-angoulins.fr\/wp-content\/uploads\/2024\/02\/IMG_7363.jpeg?strip=info&#038;w=900&#038;ssl=1 900w,https:\/\/i1.wp.com\/fumoir-angoulins.fr\/wp-content\/uploads\/2024\/02\/IMG_7363.jpeg?strip=info&#038;w=960&#038;ssl=1 960w\" alt=\"\" data-height=\"433\" data-id=\"647\" data-link=\"https:\/\/fumoir-angoulins.fr\/index.php\/un-lieu-de-vies\/img_7363\/\" data-url=\"https:\/\/fumoir-angoulins.fr\/wp-content\/uploads\/2024\/02\/IMG_7363.jpeg\" data-width=\"960\" src=\"https:\/\/i1.wp.com\/fumoir-angoulins.fr\/wp-content\/uploads\/2024\/02\/IMG_7363.jpeg?ssl=1\" data-amp-layout=\"responsive\"\/><\/figure><\/div><\/div><div class=\"tiled-gallery__row\"><div class=\"tiled-gallery__col\" style=\"flex-basis:73.08686%\"><figure class=\"tiled-gallery__item\"><img decoding=\"async\" srcset=\"https:\/\/i1.wp.com\/fumoir-angoulins.fr\/wp-content\/uploads\/2024\/02\/dacac061-9132-4fa1-b60d-ed2e895d33a4.jpeg?strip=info&#038;w=600&#038;ssl=1 600w,https:\/\/i1.wp.com\/fumoir-angoulins.fr\/wp-content\/uploads\/2024\/02\/dacac061-9132-4fa1-b60d-ed2e895d33a4.jpeg?strip=info&#038;w=900&#038;ssl=1 900w,https:\/\/i1.wp.com\/fumoir-angoulins.fr\/wp-content\/uploads\/2024\/02\/dacac061-9132-4fa1-b60d-ed2e895d33a4.jpeg?strip=info&#038;w=1024&#038;ssl=1 1024w\" alt=\"\" data-height=\"768\" data-id=\"648\" data-link=\"https:\/\/fumoir-angoulins.fr\/index.php\/un-lieu-de-vies\/dacac061-9132-4fa1-b60d-ed2e895d33a4\/\" data-url=\"https:\/\/fumoir-angoulins.fr\/wp-content\/uploads\/2024\/02\/dacac061-9132-4fa1-b60d-ed2e895d33a4.jpeg\" data-width=\"1024\" src=\"https:\/\/i1.wp.com\/fumoir-angoulins.fr\/wp-content\/uploads\/2024\/02\/dacac061-9132-4fa1-b60d-ed2e895d33a4.jpeg?ssl=1\" data-amp-layout=\"responsive\"\/><\/figure><\/div><div class=\"tiled-gallery__col\" style=\"flex-basis:26.91314%\"><figure class=\"tiled-gallery__item\"><img decoding=\"async\" srcset=\"https:\/\/i2.wp.com\/fumoir-angoulins.fr\/wp-content\/uploads\/2024\/02\/D2585EB1-DAF1-47B0-9F56-4619929ACA35-1024x1024.jpeg?strip=info&#038;w=600&#038;ssl=1 600w,https:\/\/i2.wp.com\/fumoir-angoulins.fr\/wp-content\/uploads\/2024\/02\/D2585EB1-DAF1-47B0-9F56-4619929ACA35-1024x1024.jpeg?strip=info&#038;w=900&#038;ssl=1 900w,https:\/\/i2.wp.com\/fumoir-angoulins.fr\/wp-content\/uploads\/2024\/02\/D2585EB1-DAF1-47B0-9F56-4619929ACA35-1024x1024.jpeg?strip=info&#038;w=1079&#038;ssl=1 1079w\" alt=\"\" data-height=\"1079\" data-id=\"650\" data-link=\"https:\/\/fumoir-angoulins.fr\/index.php\/un-lieu-de-vies\/d2585eb1-daf1-47b0-9f56-4619929aca35\/\" data-url=\"https:\/\/fumoir-angoulins.fr\/wp-content\/uploads\/2024\/02\/D2585EB1-DAF1-47B0-9F56-4619929ACA35-1024x1024.jpeg\" data-width=\"1079\" src=\"https:\/\/i2.wp.com\/fumoir-angoulins.fr\/wp-content\/uploads\/2024\/02\/D2585EB1-DAF1-47B0-9F56-4619929ACA35-1024x1024.jpeg?ssl=1\" data-amp-layout=\"responsive\"\/><\/figure><figure class=\"tiled-gallery__item\"><img decoding=\"async\" srcset=\"https:\/\/i2.wp.com\/fumoir-angoulins.fr\/wp-content\/uploads\/2024\/02\/IMG_7471-1003x1024.jpeg?strip=info&#038;w=600&#038;ssl=1 600w,https:\/\/i2.wp.com\/fumoir-angoulins.fr\/wp-content\/uploads\/2024\/02\/IMG_7471-1003x1024.jpeg?strip=info&#038;w=900&#038;ssl=1 900w,https:\/\/i2.wp.com\/fumoir-angoulins.fr\/wp-content\/uploads\/2024\/02\/IMG_7471-1003x1024.jpeg?strip=info&#038;w=1200&#038;ssl=1 1200w,https:\/\/i2.wp.com\/fumoir-angoulins.fr\/wp-content\/uploads\/2024\/02\/IMG_7471-1003x1024.jpeg?strip=info&#038;w=1500&#038;ssl=1 1500w,https:\/\/i2.wp.com\/fumoir-angoulins.fr\/wp-content\/uploads\/2024\/02\/IMG_7471-1003x1024.jpeg?strip=info&#038;w=1800&#038;ssl=1 1800w,https:\/\/i2.wp.com\/fumoir-angoulins.fr\/wp-content\/uploads\/2024\/02\/IMG_7471-1003x1024.jpeg?strip=info&#038;w=2000&#038;ssl=1 2000w\" alt=\"\" data-height=\"2560\" data-id=\"651\" data-link=\"https:\/\/fumoir-angoulins.fr\/index.php\/un-lieu-de-vies\/img_7471\/\" data-url=\"https:\/\/fumoir-angoulins.fr\/wp-content\/uploads\/2024\/02\/IMG_7471-1003x1024.jpeg\" data-width=\"2508\" src=\"https:\/\/i2.wp.com\/fumoir-angoulins.fr\/wp-content\/uploads\/2024\/02\/IMG_7471-1003x1024.jpeg?ssl=1\" data-amp-layout=\"responsive\"\/><\/figure><\/div><\/div><div class=\"tiled-gallery__row\"><div class=\"tiled-gallery__col\" style=\"flex-basis:39.71993%\"><figure class=\"tiled-gallery__item\"><img decoding=\"async\" srcset=\"https:\/\/i2.wp.com\/fumoir-angoulins.fr\/wp-content\/uploads\/2024\/02\/IMG_7425-1024x768.jpeg?strip=info&#038;w=600&#038;ssl=1 600w,https:\/\/i2.wp.com\/fumoir-angoulins.fr\/wp-content\/uploads\/2024\/02\/IMG_7425-1024x768.jpeg?strip=info&#038;w=900&#038;ssl=1 900w,https:\/\/i2.wp.com\/fumoir-angoulins.fr\/wp-content\/uploads\/2024\/02\/IMG_7425-1024x768.jpeg?strip=info&#038;w=1200&#038;ssl=1 1200w,https:\/\/i2.wp.com\/fumoir-angoulins.fr\/wp-content\/uploads\/2024\/02\/IMG_7425-1024x768.jpeg?strip=info&#038;w=1500&#038;ssl=1 1500w,https:\/\/i2.wp.com\/fumoir-angoulins.fr\/wp-content\/uploads\/2024\/02\/IMG_7425-1024x768.jpeg?strip=info&#038;w=1800&#038;ssl=1 1800w,https:\/\/i2.wp.com\/fumoir-angoulins.fr\/wp-content\/uploads\/2024\/02\/IMG_7425-1024x768.jpeg?strip=info&#038;w=2000&#038;ssl=1 2000w\" alt=\"\" data-height=\"1920\" data-id=\"652\" data-link=\"https:\/\/fumoir-angoulins.fr\/index.php\/un-lieu-de-vies\/img_7425\/\" data-url=\"https:\/\/fumoir-angoulins.fr\/wp-content\/uploads\/2024\/02\/IMG_7425-1024x768.jpeg\" data-width=\"2560\" src=\"https:\/\/i2.wp.com\/fumoir-angoulins.fr\/wp-content\/uploads\/2024\/02\/IMG_7425-1024x768.jpeg?ssl=1\" data-amp-layout=\"responsive\"\/><\/figure><figure class=\"tiled-gallery__item\"><img decoding=\"async\" srcset=\"https:\/\/i1.wp.com\/fumoir-angoulins.fr\/wp-content\/uploads\/2024\/02\/IMG_7571-1024x768.jpeg?strip=info&#038;w=600&#038;ssl=1 600w,https:\/\/i1.wp.com\/fumoir-angoulins.fr\/wp-content\/uploads\/2024\/02\/IMG_7571-1024x768.jpeg?strip=info&#038;w=900&#038;ssl=1 900w,https:\/\/i1.wp.com\/fumoir-angoulins.fr\/wp-content\/uploads\/2024\/02\/IMG_7571-1024x768.jpeg?strip=info&#038;w=1200&#038;ssl=1 1200w,https:\/\/i1.wp.com\/fumoir-angoulins.fr\/wp-content\/uploads\/2024\/02\/IMG_7571-1024x768.jpeg?strip=info&#038;w=1500&#038;ssl=1 1500w,https:\/\/i1.wp.com\/fumoir-angoulins.fr\/wp-content\/uploads\/2024\/02\/IMG_7571-1024x768.jpeg?strip=info&#038;w=1800&#038;ssl=1 1800w,https:\/\/i1.wp.com\/fumoir-angoulins.fr\/wp-content\/uploads\/2024\/02\/IMG_7571-1024x768.jpeg?strip=info&#038;w=2000&#038;ssl=1 2000w\" alt=\"\" data-height=\"1920\" data-id=\"653\" data-link=\"https:\/\/fumoir-angoulins.fr\/index.php\/un-lieu-de-vies\/img_7571\/\" data-url=\"https:\/\/fumoir-angoulins.fr\/wp-content\/uploads\/2024\/02\/IMG_7571-1024x768.jpeg\" data-width=\"2560\" src=\"https:\/\/i1.wp.com\/fumoir-angoulins.fr\/wp-content\/uploads\/2024\/02\/IMG_7571-1024x768.jpeg?ssl=1\" data-amp-layout=\"responsive\"\/><\/figure><\/div><div class=\"tiled-gallery__col\" style=\"flex-basis:60.28007%\"><figure class=\"tiled-gallery__item\"><img decoding=\"async\" srcset=\"https:\/\/i2.wp.com\/fumoir-angoulins.fr\/wp-content\/uploads\/2024\/02\/8a0777a1-d0fc-4a79-89ba-1960da98ae55.jpeg?strip=info&#038;w=504&#038;ssl=1 504w\" alt=\"\" data-height=\"506\" data-id=\"654\" data-link=\"https:\/\/fumoir-angoulins.fr\/index.php\/un-lieu-de-vies\/8a0777a1-d0fc-4a79-89ba-1960da98ae55\/\" data-url=\"https:\/\/fumoir-angoulins.fr\/wp-content\/uploads\/2024\/02\/8a0777a1-d0fc-4a79-89ba-1960da98ae55.jpeg\" data-width=\"504\" src=\"https:\/\/i2.wp.com\/fumoir-angoulins.fr\/wp-content\/uploads\/2024\/02\/8a0777a1-d0fc-4a79-89ba-1960da98ae55.jpeg?ssl=1\" data-amp-layout=\"responsive\"\/><\/figure><\/div><\/div><div class=\"tiled-gallery__row\"><div class=\"tiled-gallery__col\" style=\"flex-basis:17.67590%\"><figure class=\"tiled-gallery__item\"><img decoding=\"async\" srcset=\"https:\/\/i2.wp.com\/fumoir-angoulins.fr\/wp-content\/uploads\/2024\/02\/IMG_7356-768x1024.jpeg?strip=info&#038;w=600&#038;ssl=1 600w,https:\/\/i2.wp.com\/fumoir-angoulins.fr\/wp-content\/uploads\/2024\/02\/IMG_7356-768x1024.jpeg?strip=info&#038;w=900&#038;ssl=1 900w,https:\/\/i2.wp.com\/fumoir-angoulins.fr\/wp-content\/uploads\/2024\/02\/IMG_7356-768x1024.jpeg?strip=info&#038;w=1200&#038;ssl=1 1200w,https:\/\/i2.wp.com\/fumoir-angoulins.fr\/wp-content\/uploads\/2024\/02\/IMG_7356-768x1024.jpeg?strip=info&#038;w=1500&#038;ssl=1 1500w,https:\/\/i2.wp.com\/fumoir-angoulins.fr\/wp-content\/uploads\/2024\/02\/IMG_7356-768x1024.jpeg?strip=info&#038;w=1800&#038;ssl=1 1800w,https:\/\/i2.wp.com\/fumoir-angoulins.fr\/wp-content\/uploads\/2024\/02\/IMG_7356-768x1024.jpeg?strip=info&#038;w=1920&#038;ssl=1 1920w\" alt=\"\" data-height=\"2560\" data-id=\"655\" data-link=\"https:\/\/fumoir-angoulins.fr\/index.php\/un-lieu-de-vies\/img_7356\/\" data-url=\"https:\/\/fumoir-angoulins.fr\/wp-content\/uploads\/2024\/02\/IMG_7356-768x1024.jpeg\" data-width=\"1920\" src=\"https:\/\/i2.wp.com\/fumoir-angoulins.fr\/wp-content\/uploads\/2024\/02\/IMG_7356-768x1024.jpeg?ssl=1\" data-amp-layout=\"responsive\"\/><\/figure><\/div><div class=\"tiled-gallery__col\" style=\"flex-basis:51.28486%\"><figure class=\"tiled-gallery__item\"><img decoding=\"async\" srcset=\"https:\/\/i1.wp.com\/fumoir-angoulins.fr\/wp-content\/uploads\/2024\/02\/IMG_7364.jpeg?strip=info&#038;w=600&#038;ssl=1 600w,https:\/\/i1.wp.com\/fumoir-angoulins.fr\/wp-content\/uploads\/2024\/02\/IMG_7364.jpeg?strip=info&#038;w=900&#038;ssl=1 900w,https:\/\/i1.wp.com\/fumoir-angoulins.fr\/wp-content\/uploads\/2024\/02\/IMG_7364.jpeg?strip=info&#038;w=960&#038;ssl=1 960w\" alt=\"\" data-height=\"433\" data-id=\"656\" data-link=\"https:\/\/fumoir-angoulins.fr\/index.php\/un-lieu-de-vies\/img_7364\/\" data-url=\"https:\/\/fumoir-angoulins.fr\/wp-content\/uploads\/2024\/02\/IMG_7364.jpeg\" data-width=\"960\" src=\"https:\/\/i1.wp.com\/fumoir-angoulins.fr\/wp-content\/uploads\/2024\/02\/IMG_7364.jpeg?ssl=1\" data-amp-layout=\"responsive\"\/><\/figure><\/div><div class=\"tiled-gallery__col\" style=\"flex-basis:31.03924%\"><figure class=\"tiled-gallery__item\"><img decoding=\"async\" srcset=\"https:\/\/i2.wp.com\/fumoir-angoulins.fr\/wp-content\/uploads\/2024\/02\/IMG_7407-1024x768.jpeg?strip=info&#038;w=600&#038;ssl=1 600w,https:\/\/i2.wp.com\/fumoir-angoulins.fr\/wp-content\/uploads\/2024\/02\/IMG_7407-1024x768.jpeg?strip=info&#038;w=900&#038;ssl=1 900w,https:\/\/i2.wp.com\/fumoir-angoulins.fr\/wp-content\/uploads\/2024\/02\/IMG_7407-1024x768.jpeg?strip=info&#038;w=1200&#038;ssl=1 1200w,https:\/\/i2.wp.com\/fumoir-angoulins.fr\/wp-content\/uploads\/2024\/02\/IMG_7407-1024x768.jpeg?strip=info&#038;w=1500&#038;ssl=1 1500w,https:\/\/i2.wp.com\/fumoir-angoulins.fr\/wp-content\/uploads\/2024\/02\/IMG_7407-1024x768.jpeg?strip=info&#038;w=1800&#038;ssl=1 1800w,https:\/\/i2.wp.com\/fumoir-angoulins.fr\/wp-content\/uploads\/2024\/02\/IMG_7407-1024x768.jpeg?strip=info&#038;w=2000&#038;ssl=1 2000w\" alt=\"\" data-height=\"1920\" data-id=\"657\" data-link=\"https:\/\/fumoir-angoulins.fr\/index.php\/un-lieu-de-vies\/img_7407\/\" data-url=\"https:\/\/fumoir-angoulins.fr\/wp-content\/uploads\/2024\/02\/IMG_7407-1024x768.jpeg\" data-width=\"2560\" src=\"https:\/\/i2.wp.com\/fumoir-angoulins.fr\/wp-content\/uploads\/2024\/02\/IMG_7407-1024x768.jpeg?ssl=1\" data-amp-layout=\"responsive\"\/><\/figure><\/div><\/div><\/div><\/div>\n\n\n\n<div class=\"wp-block-cover is-light has-parallax\" style=\"min-height:85vh;aspect-ratio:unset;\"><span aria-hidden=\"true\" class=\"wp-block-cover__background has-background-dim-0 has-background-dim\"><\/span><div role=\"img\" class=\"wp-block-cover__image-background wp-image-617 has-parallax\" style=\"background-position:50% 50%;background-image:url(http:\/\/fumoir-angoulins.fr\/wp-content\/uploads\/2024\/01\/IMG_6230-scaled.jpeg)\"><\/div><div class=\"wp-block-cover__inner-container is-layout-flow wp-block-cover-is-layout-flow\">\n<div class=\"wp-block-group is-layout-constrained wp-container-core-group-is-layout-2f3826cf wp-block-group-is-layout-constrained\">\n<div class=\"wp-block-group has-background-background-color has-background is-layout-flow wp-block-group-is-layout-flow\" style=\"padding-top:80px;padding-right:15%;padding-bottom:80px;padding-left:15%\">\n<h1 class=\"wp-block-heading has-text-align-center is-style-ona-alt-font has-headings-color has-text-color has-x-large-font-size\">Un projet \u00e0&rsquo; partager ?<\/h1>\n\n\n\n<p class=\"has-text-align-center\"> Si vous \u00eates porteur de projet, tout est possible \ud83d\ude42<\/p>\n\n\n\n<h2 class=\"wp-block-heading has-text-align-center has-headings-color has-text-color has-large-font-size\" id=\"feel-free-to-contact-me-anytime\">Contactez-nous<\/h2>\n\n\n\n<div style=\"height:20px\" aria-hidden=\"true\" class=\"wp-block-spacer\"><\/div>\n\n\n\n<p class=\"has-text-align-center has-text-regular-color has-text-color\">Marais du Chay &#8211; Angoulins<\/p>\n\n\n\n<p class=\"has-text-align-center mt-1 has-text-regular-color has-text-color\">T\u00e9l\u00e9phone&nbsp;:&nbsp;07.83.29.69.45<\/p>\n\n\n\n<p class=\"has-text-align-center mt-1 has-text-regular-color has-text-color\">E-mail&nbsp;:<a href=\"mailto:themesupport@gmail.com\" target=\"_blank\" rel=\"noreferrer noopener\">claire@fumoir-angoulins.fr<\/a><\/p>\n<\/div>\n<\/div>\n<\/div><\/div>\n\n\n\n<figure class=\"wp-block-embed is-type-video is-provider-youtube wp-block-embed-youtube wp-embed-aspect-4-3 wp-has-aspect-ratio\"><div class=\"wp-block-embed__wrapper\">\n<iframe loading=\"lazy\" title=\"Alseny kora mandingue\" width=\"1170\" height=\"878\" src=\"https:\/\/www.youtube.com\/embed\/-KPO29DOXio?feature=oembed\" frameborder=\"0\" allow=\"accelerometer; autoplay; clipboard-write; encrypted-media; gyroscope; picture-in-picture; web-share\" referrerpolicy=\"strict-origin-when-cross-origin\" allowfullscreen><\/iframe>\n<\/div><figcaption class=\"wp-element-caption\">Kora mandingue par Alseny.<\/figcaption><\/figure>\n","protected":false},"excerpt":{"rendered":"<p>Cette ancienne cabane ostr\u00e9icole, au c\u0153ur des marais, dans cette zone naturelle \u00e0 20 minutes \u00e0 v\u00e9lo au sud de La Rochelle offre un espace atypique pour rendre possible des rencontres insolites Des concerts, des ateliers, des rencontres&#8230; Une sc\u00e8ne en plein air, un atelier culinaire, et\/ou artistique, une d\u00e9couverte p\u00e9dagogique de cet environnement naturel [&hellip;]<\/p>\n","protected":false},"author":1,"featured_media":1248,"parent":0,"menu_order":0,"comment_status":"closed","ping_status":"closed","template":"","meta":{"advanced_seo_description":"","jetpack_seo_html_title":"","jetpack_seo_noindex":false,"footnotes":""},"class_list":["post-626","page","type-page","status-publish","has-post-thumbnail","hentry"],"jetpack_sharing_enabled":true,"_links":{"self":[{"href":"https:\/\/fumoir-angoulins.fr\/index.php\/wp-json\/wp\/v2\/pages\/626","targetHints":{"allow":["GET"]}}],"collection":[{"href":"https:\/\/fumoir-angoulins.fr\/index.php\/wp-json\/wp\/v2\/pages"}],"about":[{"href":"https:\/\/fumoir-angoulins.fr\/index.php\/wp-json\/wp\/v2\/types\/page"}],"author":[{"embeddable":true,"href":"https:\/\/fumoir-angoulins.fr\/index.php\/wp-json\/wp\/v2\/users\/1"}],"replies":[{"embeddable":true,"href":"https:\/\/fumoir-angoulins.fr\/index.php\/wp-json\/wp\/v2\/comments?post=626"}],"version-history":[{"count":7,"href":"https:\/\/fumoir-angoulins.fr\/index.php\/wp-json\/wp\/v2\/pages\/626\/revisions"}],"predecessor-version":[{"id":686,"href":"https:\/\/fumoir-angoulins.fr\/index.php\/wp-json\/wp\/v2\/pages\/626\/revisions\/686"}],"wp:featuredmedia":[{"embeddable":true,"href":"https:\/\/fumoir-angoulins.fr\/index.php\/wp-json\/wp\/v2\/media\/1248"}],"wp:attachment":[{"href":"https:\/\/fumoir-angoulins.fr\/index.php\/wp-json\/wp\/v2\/media?parent=626"}],"curies":[{"name":"wp","href":"https:\/\/api.w.org\/{rel}","templated":true}]}}