{"id":1405,"date":"2025-11-21T12:09:30","date_gmt":"2025-11-21T11:09:30","guid":{"rendered":"https:\/\/fumoir-angoulins.fr\/?post_type=product&#038;p=1405"},"modified":"2025-11-26T17:56:23","modified_gmt":"2025-11-26T16:56:23","slug":"saumon-cherbourg","status":"publish","type":"product","link":"https:\/\/fumoir-angoulins.fr\/index.php\/produit\/saumon-cherbourg\/","title":{"rendered":"Saumon fum\u00e9 de Cherbourg"},"content":{"rendered":"<p><!--more--><\/p>\n<p>Le saumon de Cherbourg, l&rsquo;unique saumon de France \u00e9lev\u00e9 en pleine mer<\/p>\n<div id=\"poool-before-chapo\">Nourri exclusivement de produits v\u00e9g\u00e9taux, <em>100% garanti sans OGM<\/em><\/div>\n<p>La forte circulation d\u2019eau incite le poisson \u00e0 nager \u00e0 contre-courant et \u00e0 se muscler. Ses muscles lui donnent une chair ferme et fondante, qui s\u2019est magnifier par notre fumage d\u00e9licat.<\/p>\n<p>prix au kilo : 98\u20ac<\/p>\n<p><em>Les photos ne sont pas contractuelles<\/em><\/p>\n","protected":false},"excerpt":{"rendered":"","protected":false},"featured_media":948,"comment_status":"open","ping_status":"closed","template":"","meta":{"advanced_seo_description":"","jetpack_seo_html_title":"","jetpack_seo_noindex":false},"product_brand":[],"product_cat":[38],"product_tag":[],"class_list":{"0":"post-1405","1":"product","2":"type-product","3":"status-publish","4":"has-post-thumbnail","6":"product_cat-fumaison","8":"first","9":"instock","10":"taxable","11":"shipping-taxable","12":"purchasable","13":"product-type-variable"},"jetpack_sharing_enabled":true,"_links":{"self":[{"href":"https:\/\/fumoir-angoulins.fr\/index.php\/wp-json\/wp\/v2\/product\/1405","targetHints":{"allow":["GET"]}}],"collection":[{"href":"https:\/\/fumoir-angoulins.fr\/index.php\/wp-json\/wp\/v2\/product"}],"about":[{"href":"https:\/\/fumoir-angoulins.fr\/index.php\/wp-json\/wp\/v2\/types\/product"}],"replies":[{"embeddable":true,"href":"https:\/\/fumoir-angoulins.fr\/index.php\/wp-json\/wp\/v2\/comments?post=1405"}],"wp:featuredmedia":[{"embeddable":true,"href":"https:\/\/fumoir-angoulins.fr\/index.php\/wp-json\/wp\/v2\/media\/948"}],"wp:attachment":[{"href":"https:\/\/fumoir-angoulins.fr\/index.php\/wp-json\/wp\/v2\/media?parent=1405"}],"wp:term":[{"taxonomy":"product_brand","embeddable":true,"href":"https:\/\/fumoir-angoulins.fr\/index.php\/wp-json\/wp\/v2\/product_brand?post=1405"},{"taxonomy":"product_cat","embeddable":true,"href":"https:\/\/fumoir-angoulins.fr\/index.php\/wp-json\/wp\/v2\/product_cat?post=1405"},{"taxonomy":"product_tag","embeddable":true,"href":"https:\/\/fumoir-angoulins.fr\/index.php\/wp-json\/wp\/v2\/product_tag?post=1405"}],"curies":[{"name":"wp","href":"https:\/\/api.w.org\/{rel}","templated":true}]}}