{"id":1443,"date":"2025-11-25T16:08:41","date_gmt":"2025-11-25T15:08:41","guid":{"rendered":"https:\/\/fumoir-angoulins.fr\/?post_type=product&#038;p=1443"},"modified":"2025-12-13T18:46:11","modified_gmt":"2025-12-13T17:46:11","slug":"fletan-fume","status":"publish","type":"product","link":"https:\/\/fumoir-angoulins.fr\/index.php\/produit\/fletan-fume\/","title":{"rendered":"Fl\u00e9tan noir fum\u00e9"},"content":{"rendered":"<p>Notre fl\u00e9tan noir sauvage est issu des p\u00eaches artisanales pratiqu\u00e9es au large du Groenland. Ce poisson plat propose une texture fondante. Les\u00a0ar\u00f4mes l\u00e9gers de notre fumage pr\u00e9servent la saveur iod\u00e9e et la texture l\u00e9g\u00e8re.<\/p>\n<p>Prix au kilo : 75\u20ac. DLC 18 jours.<\/p>\n<p>Conditionnement sous-vide de +\/- 170g. \u00c0 conserver entre 0 et 2\u00b0C<\/p>\n<p>Pr\u00e9par\u00e9 en tranches \u00e0 la main. \ufffc<\/p>\n","protected":false},"excerpt":{"rendered":"<p>Notre fl\u00e9tan noir sauvage est issu des p\u00eaches artisanales pratiqu\u00e9es au large du Groenland. Ce poisson plat propose une texture fondante. Les\u00a0ar\u00f4mes l\u00e9gers de notre fumage pr\u00e9servent la saveur iod\u00e9e et la texture l\u00e9g\u00e8re. Prix au kilo : 75\u20ac. DLC 18 jours. Conditionnement sous-vide de +\/- 170g. \u00c0 conserver entre 0 et 2\u00b0C Pr\u00e9par\u00e9 en [&hellip;]<\/p>\n","protected":false},"featured_media":1434,"comment_status":"open","ping_status":"closed","template":"","meta":{"advanced_seo_description":"","jetpack_seo_html_title":"","jetpack_seo_noindex":false},"product_brand":[],"product_cat":[38],"product_tag":[],"class_list":{"0":"post-1443","1":"product","2":"type-product","3":"status-publish","4":"has-post-thumbnail","6":"product_cat-fumaison","8":"first","9":"instock","10":"taxable","11":"shipping-taxable","12":"purchasable","13":"product-type-variable"},"jetpack_sharing_enabled":true,"_links":{"self":[{"href":"https:\/\/fumoir-angoulins.fr\/index.php\/wp-json\/wp\/v2\/product\/1443","targetHints":{"allow":["GET"]}}],"collection":[{"href":"https:\/\/fumoir-angoulins.fr\/index.php\/wp-json\/wp\/v2\/product"}],"about":[{"href":"https:\/\/fumoir-angoulins.fr\/index.php\/wp-json\/wp\/v2\/types\/product"}],"replies":[{"embeddable":true,"href":"https:\/\/fumoir-angoulins.fr\/index.php\/wp-json\/wp\/v2\/comments?post=1443"}],"wp:featuredmedia":[{"embeddable":true,"href":"https:\/\/fumoir-angoulins.fr\/index.php\/wp-json\/wp\/v2\/media\/1434"}],"wp:attachment":[{"href":"https:\/\/fumoir-angoulins.fr\/index.php\/wp-json\/wp\/v2\/media?parent=1443"}],"wp:term":[{"taxonomy":"product_brand","embeddable":true,"href":"https:\/\/fumoir-angoulins.fr\/index.php\/wp-json\/wp\/v2\/product_brand?post=1443"},{"taxonomy":"product_cat","embeddable":true,"href":"https:\/\/fumoir-angoulins.fr\/index.php\/wp-json\/wp\/v2\/product_cat?post=1443"},{"taxonomy":"product_tag","embeddable":true,"href":"https:\/\/fumoir-angoulins.fr\/index.php\/wp-json\/wp\/v2\/product_tag?post=1443"}],"curies":[{"name":"wp","href":"https:\/\/api.w.org\/{rel}","templated":true}]}}