{"id":1447,"date":"2025-11-25T16:28:38","date_gmt":"2025-11-25T15:28:38","guid":{"rendered":"https:\/\/fumoir-angoulins.fr\/?post_type=product&#038;p=1447"},"modified":"2025-12-13T17:27:49","modified_gmt":"2025-12-13T16:27:49","slug":"daurade-fumee","status":"publish","type":"product","link":"https:\/\/fumoir-angoulins.fr\/index.php\/produit\/daurade-fumee\/","title":{"rendered":"Daurade royale fum\u00e9e"},"content":{"rendered":"<p>Ce poisson issu de nos c\u00f4tes est la star des sparid\u00e9s.\u00a0<span class=\"vA9HTb MDvRSc\">La daurade renferme de petites quantit\u00e9s d&rsquo;acides gras mono-insatur\u00e9s dont les propri\u00e9t\u00e9s b\u00e9n\u00e9fiques sur la sant\u00e9 cardio-vasculaire sont largement reconnues<\/span>. Sa chair est tr\u00e8s savoureuse.<\/p>\n<p>Elle est d\u00e9licatement fum\u00e9e, pr\u00e9par\u00e9e sans peau ni arr\u00eate et est assainie comme tous nos poissons issus de la p\u00eache (cong\u00e9lation flash pour tuer tous les parasites \u00e9ventuels).<\/p>\n<p>Prix au kilo : 82,30\u20ac. DLC 18 jours.<\/p>\n<p>Conditionnement sous-vide de +\/- 130g. \u00c0 conserver entre 0 et 2\u00b0C<\/p>\n<p>Pr\u00e9par\u00e9 en filet entier \u00e0 la main. \ufffc<\/p>\n","protected":false},"excerpt":{"rendered":"<p>Ce poisson issu de nos c\u00f4tes est la star des sparid\u00e9s.\u00a0La daurade renferme de petites quantit\u00e9s d&rsquo;acides gras mono-insatur\u00e9s dont les propri\u00e9t\u00e9s b\u00e9n\u00e9fiques sur la sant\u00e9 cardio-vasculaire sont largement reconnues. Sa chair est tr\u00e8s savoureuse. Elle est d\u00e9licatement fum\u00e9e, pr\u00e9par\u00e9e sans peau ni arr\u00eate et est assainie comme tous nos poissons issus de la p\u00eache [&hellip;]<\/p>\n","protected":false},"featured_media":994,"comment_status":"open","ping_status":"closed","template":"","meta":{"advanced_seo_description":"","jetpack_seo_html_title":"","jetpack_seo_noindex":false},"product_brand":[],"product_cat":[38],"product_tag":[],"class_list":{"0":"post-1447","1":"product","2":"type-product","3":"status-publish","4":"has-post-thumbnail","6":"product_cat-fumaison","8":"first","9":"outofstock","10":"taxable","11":"shipping-taxable","12":"purchasable","13":"product-type-variable"},"jetpack_sharing_enabled":true,"_links":{"self":[{"href":"https:\/\/fumoir-angoulins.fr\/index.php\/wp-json\/wp\/v2\/product\/1447","targetHints":{"allow":["GET"]}}],"collection":[{"href":"https:\/\/fumoir-angoulins.fr\/index.php\/wp-json\/wp\/v2\/product"}],"about":[{"href":"https:\/\/fumoir-angoulins.fr\/index.php\/wp-json\/wp\/v2\/types\/product"}],"replies":[{"embeddable":true,"href":"https:\/\/fumoir-angoulins.fr\/index.php\/wp-json\/wp\/v2\/comments?post=1447"}],"wp:featuredmedia":[{"embeddable":true,"href":"https:\/\/fumoir-angoulins.fr\/index.php\/wp-json\/wp\/v2\/media\/994"}],"wp:attachment":[{"href":"https:\/\/fumoir-angoulins.fr\/index.php\/wp-json\/wp\/v2\/media?parent=1447"}],"wp:term":[{"taxonomy":"product_brand","embeddable":true,"href":"https:\/\/fumoir-angoulins.fr\/index.php\/wp-json\/wp\/v2\/product_brand?post=1447"},{"taxonomy":"product_cat","embeddable":true,"href":"https:\/\/fumoir-angoulins.fr\/index.php\/wp-json\/wp\/v2\/product_cat?post=1447"},{"taxonomy":"product_tag","embeddable":true,"href":"https:\/\/fumoir-angoulins.fr\/index.php\/wp-json\/wp\/v2\/product_tag?post=1447"}],"curies":[{"name":"wp","href":"https:\/\/api.w.org\/{rel}","templated":true}]}}