{"id":1450,"date":"2025-11-25T16:59:22","date_gmt":"2025-11-25T15:59:22","guid":{"rendered":"https:\/\/fumoir-angoulins.fr\/?post_type=product&#038;p=1450"},"modified":"2025-11-25T18:52:06","modified_gmt":"2025-11-25T17:52:06","slug":"algomasio","status":"publish","type":"product","link":"https:\/\/fumoir-angoulins.fr\/index.php\/produit\/algomasio\/","title":{"rendered":"Algomasio"},"content":{"rendered":"<p>Notre algomasio est pr\u00e9par\u00e9 avec nos algues s\u00e8ches r\u00e9colt\u00e9es \u00e0 la Pointe du Chay <a href=\"https:\/\/apc-algue.fr\">apc-algue.fr<\/a><\/p>\n<p>Nous aurions pu aussi l&rsquo;appel\u00e9 <em>Furikak\u00e9<\/em> car c&rsquo;est la m\u00eame base de recette <em>sauf que nous avons contr\u00f4l\u00e9 tous les \u00e9l\u00e9ments<\/em>.<\/p>\n<p>Dans le notre nous avons mis de la laitue de mer s\u00e8che, de la nori s\u00e8che et des graines de s\u00e9same torr\u00e9fi\u00e9es.<\/p>\n<p>Un d\u00e9lice de la mer \u00e0 saupoudrer sur tous vos plats !<\/p>\n<p>Pot de 40g.<\/p>\n<p><img loading=\"lazy\" decoding=\"async\" class=\"alignnone wp-image-1452\" src=\"http:\/\/fumoir-angoulins.fr\/wp-content\/uploads\/2025\/11\/ALGUES-POINTE-CHAY-LOGO-noir.png\" alt=\"\" width=\"277\" height=\"172\" srcset=\"https:\/\/fumoir-angoulins.fr\/wp-content\/uploads\/2025\/11\/ALGUES-POINTE-CHAY-LOGO-noir.png 541w, https:\/\/fumoir-angoulins.fr\/wp-content\/uploads\/2025\/11\/ALGUES-POINTE-CHAY-LOGO-noir-300x186.png 300w\" sizes=\"auto, (max-width: 277px) 100vw, 277px\" \/><\/p>\n","protected":false},"excerpt":{"rendered":"<p>Notre algomasio est pr\u00e9par\u00e9 avec nos algues s\u00e8ches r\u00e9colt\u00e9es \u00e0 la Pointe du Chay apc-algue.fr Nous aurions pu aussi l&rsquo;appel\u00e9 Furikak\u00e9 car c&rsquo;est la m\u00eame base de recette sauf que nous avons contr\u00f4l\u00e9 tous les \u00e9l\u00e9ments. Dans le notre nous avons mis de la laitue de mer s\u00e8che, de la nori s\u00e8che et des graines [&hellip;]<\/p>\n","protected":false},"featured_media":1464,"comment_status":"open","ping_status":"closed","template":"","meta":{"advanced_seo_description":"","jetpack_seo_html_title":"","jetpack_seo_noindex":false},"product_brand":[],"product_cat":[37],"product_tag":[],"class_list":{"0":"post-1450","1":"product","2":"type-product","3":"status-publish","4":"has-post-thumbnail","6":"product_cat-algues","8":"first","9":"instock","10":"taxable","11":"shipping-taxable","12":"purchasable","13":"product-type-simple"},"jetpack_sharing_enabled":true,"_links":{"self":[{"href":"https:\/\/fumoir-angoulins.fr\/index.php\/wp-json\/wp\/v2\/product\/1450","targetHints":{"allow":["GET"]}}],"collection":[{"href":"https:\/\/fumoir-angoulins.fr\/index.php\/wp-json\/wp\/v2\/product"}],"about":[{"href":"https:\/\/fumoir-angoulins.fr\/index.php\/wp-json\/wp\/v2\/types\/product"}],"replies":[{"embeddable":true,"href":"https:\/\/fumoir-angoulins.fr\/index.php\/wp-json\/wp\/v2\/comments?post=1450"}],"wp:featuredmedia":[{"embeddable":true,"href":"https:\/\/fumoir-angoulins.fr\/index.php\/wp-json\/wp\/v2\/media\/1464"}],"wp:attachment":[{"href":"https:\/\/fumoir-angoulins.fr\/index.php\/wp-json\/wp\/v2\/media?parent=1450"}],"wp:term":[{"taxonomy":"product_brand","embeddable":true,"href":"https:\/\/fumoir-angoulins.fr\/index.php\/wp-json\/wp\/v2\/product_brand?post=1450"},{"taxonomy":"product_cat","embeddable":true,"href":"https:\/\/fumoir-angoulins.fr\/index.php\/wp-json\/wp\/v2\/product_cat?post=1450"},{"taxonomy":"product_tag","embeddable":true,"href":"https:\/\/fumoir-angoulins.fr\/index.php\/wp-json\/wp\/v2\/product_tag?post=1450"}],"curies":[{"name":"wp","href":"https:\/\/api.w.org\/{rel}","templated":true}]}}