{"id":1453,"date":"2025-11-25T17:01:09","date_gmt":"2025-11-25T16:01:09","guid":{"rendered":"https:\/\/fumoir-angoulins.fr\/?post_type=product&#038;p=1453"},"modified":"2025-11-25T17:23:22","modified_gmt":"2025-11-25T16:23:22","slug":"dulse","status":"publish","type":"product","link":"https:\/\/fumoir-angoulins.fr\/index.php\/produit\/dulse\/","title":{"rendered":"Dulse fraiche"},"content":{"rendered":"<p>La dulse a \u00e9t\u00e9 r\u00e9colt\u00e9e \u00e0 la Pointe du Chay, \u00e0 Angoulins. Sa texture est l\u00e9g\u00e8rement croquante et son go\u00fbt est d\u00e9licatement marin. Elle est pr\u00e9par\u00e9e puis conserv\u00e9e dans du gros sel. Le sel est un conservateur qui n&rsquo;est pas destin\u00e9 \u00e0 \u00eatre consomm\u00e9, il faut pr\u00e9lev\u00e9 la quantit\u00e9 voulue et la rincer \u00e0 l&rsquo;eau claire avant de l&rsquo;\u00e9goutter et de l&rsquo;\u00e9mincer (ou pas). Elle peut se consommer froide ou chaude.<\/p>\n<p>Sachet de 125g.<br \/>\nA conserver \u00e0 l&rsquo;abri de la chaleur et de la lumi\u00e8re.<\/p>\n<p><img loading=\"lazy\" decoding=\"async\" class=\"alignnone wp-image-1452\" src=\"http:\/\/fumoir-angoulins.fr\/wp-content\/uploads\/2025\/11\/ALGUES-POINTE-CHAY-LOGO-noir.png\" alt=\"\" width=\"277\" height=\"172\" srcset=\"https:\/\/fumoir-angoulins.fr\/wp-content\/uploads\/2025\/11\/ALGUES-POINTE-CHAY-LOGO-noir.png 541w, https:\/\/fumoir-angoulins.fr\/wp-content\/uploads\/2025\/11\/ALGUES-POINTE-CHAY-LOGO-noir-300x186.png 300w\" sizes=\"auto, (max-width: 277px) 100vw, 277px\" \/><\/p>\n","protected":false},"excerpt":{"rendered":"<p>La dulse a \u00e9t\u00e9 r\u00e9colt\u00e9e \u00e0 la Pointe du Chay, \u00e0 Angoulins. Sa texture est l\u00e9g\u00e8rement croquante et son go\u00fbt est d\u00e9licatement marin. Elle est pr\u00e9par\u00e9e puis conserv\u00e9e dans du gros sel. Le sel est un conservateur qui n&rsquo;est pas destin\u00e9 \u00e0 \u00eatre consomm\u00e9, il faut pr\u00e9lev\u00e9 la quantit\u00e9 voulue et la rincer \u00e0 l&rsquo;eau [&hellip;]<\/p>\n","protected":false},"featured_media":1454,"comment_status":"open","ping_status":"closed","template":"","meta":{"advanced_seo_description":"","jetpack_seo_html_title":"","jetpack_seo_noindex":false},"product_brand":[],"product_cat":[37],"product_tag":[],"class_list":{"0":"post-1453","1":"product","2":"type-product","3":"status-publish","4":"has-post-thumbnail","6":"product_cat-algues","8":"first","9":"instock","10":"taxable","11":"shipping-taxable","12":"purchasable","13":"product-type-simple"},"jetpack_sharing_enabled":true,"_links":{"self":[{"href":"https:\/\/fumoir-angoulins.fr\/index.php\/wp-json\/wp\/v2\/product\/1453","targetHints":{"allow":["GET"]}}],"collection":[{"href":"https:\/\/fumoir-angoulins.fr\/index.php\/wp-json\/wp\/v2\/product"}],"about":[{"href":"https:\/\/fumoir-angoulins.fr\/index.php\/wp-json\/wp\/v2\/types\/product"}],"replies":[{"embeddable":true,"href":"https:\/\/fumoir-angoulins.fr\/index.php\/wp-json\/wp\/v2\/comments?post=1453"}],"wp:featuredmedia":[{"embeddable":true,"href":"https:\/\/fumoir-angoulins.fr\/index.php\/wp-json\/wp\/v2\/media\/1454"}],"wp:attachment":[{"href":"https:\/\/fumoir-angoulins.fr\/index.php\/wp-json\/wp\/v2\/media?parent=1453"}],"wp:term":[{"taxonomy":"product_brand","embeddable":true,"href":"https:\/\/fumoir-angoulins.fr\/index.php\/wp-json\/wp\/v2\/product_brand?post=1453"},{"taxonomy":"product_cat","embeddable":true,"href":"https:\/\/fumoir-angoulins.fr\/index.php\/wp-json\/wp\/v2\/product_cat?post=1453"},{"taxonomy":"product_tag","embeddable":true,"href":"https:\/\/fumoir-angoulins.fr\/index.php\/wp-json\/wp\/v2\/product_tag?post=1453"}],"curies":[{"name":"wp","href":"https:\/\/api.w.org\/{rel}","templated":true}]}}