{"id":469,"date":"2024-01-18T09:37:21","date_gmt":"2024-01-18T08:37:21","guid":{"rendered":"http:\/\/fumoir-angoulins.fr\/index.php\/produit\/huile-fumee-20cl\/"},"modified":"2024-12-12T10:40:40","modified_gmt":"2024-12-12T09:40:40","slug":"huile-fumee-20cl","status":"publish","type":"product","link":"https:\/\/fumoir-angoulins.fr\/index.php\/produit\/huile-fumee-20cl\/","title":{"rendered":"Huile fum\u00e9e"},"content":{"rendered":"<p>Huile de p\u00e9pins de raisin fum\u00e9e.<\/p>\n<p>A utiliser \u00e0 temp\u00e9rature pour assaisonnement<\/p>\n<p>37,5 cl.<\/p>\n","protected":false},"excerpt":{"rendered":"<p>Huile de p\u00e9pins de raisin fum\u00e9e. A utiliser \u00e0 temp\u00e9rature pour assaisonnement 37,5 cl.<\/p>\n","protected":false},"featured_media":893,"comment_status":"closed","ping_status":"closed","template":"","meta":{"advanced_seo_description":"","jetpack_seo_html_title":"","jetpack_seo_noindex":false},"product_brand":[],"product_cat":[35],"product_tag":[],"class_list":{"0":"post-469","1":"product","2":"type-product","3":"status-publish","4":"has-post-thumbnail","6":"product_cat-non-classe","8":"first","9":"instock","10":"taxable","11":"shipping-taxable","12":"purchasable","13":"product-type-simple"},"jetpack_sharing_enabled":true,"_links":{"self":[{"href":"https:\/\/fumoir-angoulins.fr\/index.php\/wp-json\/wp\/v2\/product\/469","targetHints":{"allow":["GET"]}}],"collection":[{"href":"https:\/\/fumoir-angoulins.fr\/index.php\/wp-json\/wp\/v2\/product"}],"about":[{"href":"https:\/\/fumoir-angoulins.fr\/index.php\/wp-json\/wp\/v2\/types\/product"}],"replies":[{"embeddable":true,"href":"https:\/\/fumoir-angoulins.fr\/index.php\/wp-json\/wp\/v2\/comments?post=469"}],"wp:featuredmedia":[{"embeddable":true,"href":"https:\/\/fumoir-angoulins.fr\/index.php\/wp-json\/wp\/v2\/media\/893"}],"wp:attachment":[{"href":"https:\/\/fumoir-angoulins.fr\/index.php\/wp-json\/wp\/v2\/media?parent=469"}],"wp:term":[{"taxonomy":"product_brand","embeddable":true,"href":"https:\/\/fumoir-angoulins.fr\/index.php\/wp-json\/wp\/v2\/product_brand?post=469"},{"taxonomy":"product_cat","embeddable":true,"href":"https:\/\/fumoir-angoulins.fr\/index.php\/wp-json\/wp\/v2\/product_cat?post=469"},{"taxonomy":"product_tag","embeddable":true,"href":"https:\/\/fumoir-angoulins.fr\/index.php\/wp-json\/wp\/v2\/product_tag?post=469"}],"curies":[{"name":"wp","href":"https:\/\/api.w.org\/{rel}","templated":true}]}}