{"id":511,"date":"2024-01-19T15:02:11","date_gmt":"2024-01-19T14:02:11","guid":{"rendered":"http:\/\/fumoir-angoulins.fr\/index.php\/produit\/pot-de-rillettes-de-saumon-fume\/"},"modified":"2025-11-25T17:37:29","modified_gmt":"2025-11-25T16:37:29","slug":"pot-de-rillettes-de-saumon-fume","status":"publish","type":"product","link":"https:\/\/fumoir-angoulins.fr\/index.php\/produit\/pot-de-rillettes-de-saumon-fume\/","title":{"rendered":"Pot de rillettes de saumon fum\u00e9"},"content":{"rendered":"<p>Rillettes de saumon fum\u00e9 fait maison. Pot de 120g<\/p>\n<p>Saumon fum\u00e9 du Fumoir, yaourt \u00e0 la grecque, zeste de citron jaune, jus de citron jaune et poivre noir.<\/p>\n<p>DLC 20 jours. Semi-conserve. \u00c0 conserver entre 0 et 2\u00b0C<\/p>\n","protected":false},"excerpt":{"rendered":"<p>Rillettes de saumon fum\u00e9 fait maison. Pot de 120g Saumon fum\u00e9 du Fumoir, yaourt \u00e0 la grecque, zeste de citron jaune, jus de citron jaune et poivre noir. DLC 20 jours. Semi-conserve. \u00c0 conserver entre 0 et 2\u00b0C<\/p>\n","protected":false},"featured_media":510,"comment_status":"closed","ping_status":"closed","template":"","meta":{"advanced_seo_description":"","jetpack_seo_html_title":"","jetpack_seo_noindex":false},"product_brand":[],"product_cat":[38],"product_tag":[],"class_list":{"0":"post-511","1":"product","2":"type-product","3":"status-publish","4":"has-post-thumbnail","6":"product_cat-fumaison","8":"first","9":"instock","10":"taxable","11":"shipping-taxable","12":"purchasable","13":"product-type-simple"},"jetpack_sharing_enabled":true,"_links":{"self":[{"href":"https:\/\/fumoir-angoulins.fr\/index.php\/wp-json\/wp\/v2\/product\/511","targetHints":{"allow":["GET"]}}],"collection":[{"href":"https:\/\/fumoir-angoulins.fr\/index.php\/wp-json\/wp\/v2\/product"}],"about":[{"href":"https:\/\/fumoir-angoulins.fr\/index.php\/wp-json\/wp\/v2\/types\/product"}],"replies":[{"embeddable":true,"href":"https:\/\/fumoir-angoulins.fr\/index.php\/wp-json\/wp\/v2\/comments?post=511"}],"wp:featuredmedia":[{"embeddable":true,"href":"https:\/\/fumoir-angoulins.fr\/index.php\/wp-json\/wp\/v2\/media\/510"}],"wp:attachment":[{"href":"https:\/\/fumoir-angoulins.fr\/index.php\/wp-json\/wp\/v2\/media?parent=511"}],"wp:term":[{"taxonomy":"product_brand","embeddable":true,"href":"https:\/\/fumoir-angoulins.fr\/index.php\/wp-json\/wp\/v2\/product_brand?post=511"},{"taxonomy":"product_cat","embeddable":true,"href":"https:\/\/fumoir-angoulins.fr\/index.php\/wp-json\/wp\/v2\/product_cat?post=511"},{"taxonomy":"product_tag","embeddable":true,"href":"https:\/\/fumoir-angoulins.fr\/index.php\/wp-json\/wp\/v2\/product_tag?post=511"}],"curies":[{"name":"wp","href":"https:\/\/api.w.org\/{rel}","templated":true}]}}