{"id":538,"date":"2024-01-25T10:02:36","date_gmt":"2024-01-25T09:02:36","guid":{"rendered":"https:\/\/fumoir-angoulins.fr\/index.php\/produit\/haddock\/"},"modified":"2025-11-25T15:55:27","modified_gmt":"2025-11-25T14:55:27","slug":"haddock","status":"publish","type":"product","link":"https:\/\/fumoir-angoulins.fr\/index.php\/produit\/haddock\/","title":{"rendered":"Haddock"},"content":{"rendered":"<p>Le haddock c&rsquo;est de l&rsquo;\u00e9glefin, tant que ce n&rsquo;est pas fum\u00e9, ensuite on appelle le haddock. \ufffc<\/p>\n<p>On peut le manger comme \u00e7a en petites tranches ou le pr\u00e9parer de fa\u00e7on traditionnelle : mettre dans une casserole 1\/2 eau 1\/2 lait, \u00e0 fr\u00e9missement couper le feu et y plonger le poisson pendant 3 minutes pour le faire monter en temp\u00e9rature sans le brusquer<\/p>\n<p>DLC 18 jours. Conditionnement sous-vide de +\/- 180g. \u00c0 conserver entre 0 et 2\u00b0C<\/p>\n<p>prix au kilo 71\u20ac<\/p>\n","protected":false},"excerpt":{"rendered":"<p>Le haddock c&rsquo;est de l&rsquo;\u00e9glefin, tant que ce n&rsquo;est pas fum\u00e9, ensuite on appelle le haddock. \ufffc On peut le manger comme \u00e7a en petites tranches ou le pr\u00e9parer de fa\u00e7on traditionnelle : mettre dans une casserole 1\/2 eau 1\/2 lait, \u00e0 fr\u00e9missement couper le feu et y plonger le poisson pendant 3 minutes pour [&hellip;]<\/p>\n","protected":false},"featured_media":537,"comment_status":"closed","ping_status":"closed","template":"","meta":{"advanced_seo_description":"","jetpack_seo_html_title":"","jetpack_seo_noindex":false},"product_brand":[],"product_cat":[38],"product_tag":[],"class_list":{"0":"post-538","1":"product","2":"type-product","3":"status-publish","4":"has-post-thumbnail","6":"product_cat-fumaison","8":"first","9":"outofstock","10":"taxable","11":"shipping-taxable","12":"purchasable","13":"product-type-simple"},"jetpack_sharing_enabled":true,"_links":{"self":[{"href":"https:\/\/fumoir-angoulins.fr\/index.php\/wp-json\/wp\/v2\/product\/538","targetHints":{"allow":["GET"]}}],"collection":[{"href":"https:\/\/fumoir-angoulins.fr\/index.php\/wp-json\/wp\/v2\/product"}],"about":[{"href":"https:\/\/fumoir-angoulins.fr\/index.php\/wp-json\/wp\/v2\/types\/product"}],"replies":[{"embeddable":true,"href":"https:\/\/fumoir-angoulins.fr\/index.php\/wp-json\/wp\/v2\/comments?post=538"}],"wp:featuredmedia":[{"embeddable":true,"href":"https:\/\/fumoir-angoulins.fr\/index.php\/wp-json\/wp\/v2\/media\/537"}],"wp:attachment":[{"href":"https:\/\/fumoir-angoulins.fr\/index.php\/wp-json\/wp\/v2\/media?parent=538"}],"wp:term":[{"taxonomy":"product_brand","embeddable":true,"href":"https:\/\/fumoir-angoulins.fr\/index.php\/wp-json\/wp\/v2\/product_brand?post=538"},{"taxonomy":"product_cat","embeddable":true,"href":"https:\/\/fumoir-angoulins.fr\/index.php\/wp-json\/wp\/v2\/product_cat?post=538"},{"taxonomy":"product_tag","embeddable":true,"href":"https:\/\/fumoir-angoulins.fr\/index.php\/wp-json\/wp\/v2\/product_tag?post=538"}],"curies":[{"name":"wp","href":"https:\/\/api.w.org\/{rel}","templated":true}]}}