{"id":541,"date":"2024-01-25T10:06:24","date_gmt":"2024-01-25T09:06:24","guid":{"rendered":"https:\/\/fumoir-angoulins.fr\/index.php\/produit\/merlu-fume\/"},"modified":"2025-12-17T09:35:47","modified_gmt":"2025-12-17T08:35:47","slug":"merlu-fume","status":"publish","type":"product","link":"https:\/\/fumoir-angoulins.fr\/index.php\/produit\/merlu-fume\/","title":{"rendered":"Merlu fum\u00e9"},"content":{"rendered":"<p>Le merlu est un poisson tr\u00e8s commun sur nos c\u00f4tes.Au supermarch\u00e9, vous allez le retrouver \u00e9galement sous le nom de colin\ufffc.<\/p>\n<p>Facile d&rsquo;acc\u00e8s par sa texture et son go\u00fbt consensuel, le fum\u00e9 et la pointe de sel, le r\u00e9veille. Pr\u00eat \u00e0 manger, \u00e0 d\u00e9guster \u00e0 l&rsquo;ap\u00e9ro ou dans un plat. Se marie tr\u00e8s bien avec les lentilles, par exemple pour un dhal au merlu fum\u00e9.<\/p>\n<p>Il est pr\u00e9par\u00e9 sans peau et sans arr\u00eate. Comme tous nos poissons de p\u00eache, cette fumaison est assainie par une cong\u00e9lation flash pour tuer tout parasite \u00e9ventuel.<\/p>\n<p>DLC 18 jours. Conditionnement sous-vide de +\/- 130g. \u00c0 conserver entre 0 et 2\u00b0C<\/p>\n","protected":false},"excerpt":{"rendered":"<p>Le merlu est un poisson tr\u00e8s commun sur nos c\u00f4tes.Au supermarch\u00e9, vous allez le retrouver \u00e9galement sous le nom de colin\ufffc. Facile d&rsquo;acc\u00e8s par sa texture et son go\u00fbt consensuel, le fum\u00e9 et la pointe de sel, le r\u00e9veille. Pr\u00eat \u00e0 manger, \u00e0 d\u00e9guster \u00e0 l&rsquo;ap\u00e9ro ou dans un plat. Se marie tr\u00e8s bien avec [&hellip;]<\/p>\n","protected":false},"featured_media":1431,"comment_status":"open","ping_status":"closed","template":"","meta":{"advanced_seo_description":"","jetpack_seo_html_title":"","jetpack_seo_noindex":false},"product_brand":[],"product_cat":[38],"product_tag":[],"class_list":{"0":"post-541","1":"product","2":"type-product","3":"status-publish","4":"has-post-thumbnail","6":"product_cat-fumaison","8":"first","9":"instock","10":"taxable","11":"shipping-taxable","12":"purchasable","13":"product-type-variable"},"jetpack_sharing_enabled":true,"_links":{"self":[{"href":"https:\/\/fumoir-angoulins.fr\/index.php\/wp-json\/wp\/v2\/product\/541","targetHints":{"allow":["GET"]}}],"collection":[{"href":"https:\/\/fumoir-angoulins.fr\/index.php\/wp-json\/wp\/v2\/product"}],"about":[{"href":"https:\/\/fumoir-angoulins.fr\/index.php\/wp-json\/wp\/v2\/types\/product"}],"replies":[{"embeddable":true,"href":"https:\/\/fumoir-angoulins.fr\/index.php\/wp-json\/wp\/v2\/comments?post=541"}],"wp:featuredmedia":[{"embeddable":true,"href":"https:\/\/fumoir-angoulins.fr\/index.php\/wp-json\/wp\/v2\/media\/1431"}],"wp:attachment":[{"href":"https:\/\/fumoir-angoulins.fr\/index.php\/wp-json\/wp\/v2\/media?parent=541"}],"wp:term":[{"taxonomy":"product_brand","embeddable":true,"href":"https:\/\/fumoir-angoulins.fr\/index.php\/wp-json\/wp\/v2\/product_brand?post=541"},{"taxonomy":"product_cat","embeddable":true,"href":"https:\/\/fumoir-angoulins.fr\/index.php\/wp-json\/wp\/v2\/product_cat?post=541"},{"taxonomy":"product_tag","embeddable":true,"href":"https:\/\/fumoir-angoulins.fr\/index.php\/wp-json\/wp\/v2\/product_tag?post=541"}],"curies":[{"name":"wp","href":"https:\/\/api.w.org\/{rel}","templated":true}]}}