{"id":546,"date":"2024-01-25T10:21:08","date_gmt":"2024-01-25T09:21:08","guid":{"rendered":"https:\/\/fumoir-angoulins.fr\/index.php\/produit\/cabillaud-fume-pave\/"},"modified":"2025-11-25T15:54:35","modified_gmt":"2025-11-25T14:54:35","slug":"cabillaud-fume-pave","status":"publish","type":"product","link":"https:\/\/fumoir-angoulins.fr\/index.php\/produit\/cabillaud-fume-pave\/","title":{"rendered":"Cabillaud fum\u00e9 +\/- 120g"},"content":{"rendered":"<p>Pav\u00e9 de cabillaud fum\u00e9, ce poisson d&rsquo;une blancheur immacul\u00e9e est tr\u00e8s facile d&rsquo;acc\u00e8s<\/p>\n<p>\ufffcVous pourrez tr\u00e8s bien vous amuser \u00e0 le marier \u00e0 un plat traditionnel comme une raclette, ou une choucroute de la mer, a un tajine poisson revisit\u00e9, on peut imaginer plein de choses le tout est de ne pas le faire cuire pour ne pas ab\u00eemer sa texture et son go\u00fbt \ufffc<\/p>\n<p>DLC 18 jours. Conditionnement sous-vide de +\/- 120g. \u00c0 conserver entre 0 et 2\u00b0C<\/p>\n<p>prix au kilo 79\u20ac<\/p>\n","protected":false},"excerpt":{"rendered":"<p>Pav\u00e9 de cabillaud fum\u00e9, ce poisson d&rsquo;une blancheur immacul\u00e9e est tr\u00e8s facile d&rsquo;acc\u00e8s \ufffcVous pourrez tr\u00e8s bien vous amuser \u00e0 le marier \u00e0 un plat traditionnel comme une raclette, ou une choucroute de la mer, a un tajine poisson revisit\u00e9, on peut imaginer plein de choses le tout est de ne pas le faire cuire [&hellip;]<\/p>\n","protected":false},"featured_media":995,"comment_status":"closed","ping_status":"closed","template":"","meta":{"advanced_seo_description":"","jetpack_seo_html_title":"","jetpack_seo_noindex":false},"product_brand":[],"product_cat":[38],"product_tag":[],"class_list":{"0":"post-546","1":"product","2":"type-product","3":"status-publish","4":"has-post-thumbnail","6":"product_cat-fumaison","8":"first","9":"outofstock","10":"taxable","11":"shipping-taxable","12":"purchasable","13":"product-type-simple"},"jetpack_sharing_enabled":true,"_links":{"self":[{"href":"https:\/\/fumoir-angoulins.fr\/index.php\/wp-json\/wp\/v2\/product\/546","targetHints":{"allow":["GET"]}}],"collection":[{"href":"https:\/\/fumoir-angoulins.fr\/index.php\/wp-json\/wp\/v2\/product"}],"about":[{"href":"https:\/\/fumoir-angoulins.fr\/index.php\/wp-json\/wp\/v2\/types\/product"}],"replies":[{"embeddable":true,"href":"https:\/\/fumoir-angoulins.fr\/index.php\/wp-json\/wp\/v2\/comments?post=546"}],"wp:featuredmedia":[{"embeddable":true,"href":"https:\/\/fumoir-angoulins.fr\/index.php\/wp-json\/wp\/v2\/media\/995"}],"wp:attachment":[{"href":"https:\/\/fumoir-angoulins.fr\/index.php\/wp-json\/wp\/v2\/media?parent=546"}],"wp:term":[{"taxonomy":"product_brand","embeddable":true,"href":"https:\/\/fumoir-angoulins.fr\/index.php\/wp-json\/wp\/v2\/product_brand?post=546"},{"taxonomy":"product_cat","embeddable":true,"href":"https:\/\/fumoir-angoulins.fr\/index.php\/wp-json\/wp\/v2\/product_cat?post=546"},{"taxonomy":"product_tag","embeddable":true,"href":"https:\/\/fumoir-angoulins.fr\/index.php\/wp-json\/wp\/v2\/product_tag?post=546"}],"curies":[{"name":"wp","href":"https:\/\/api.w.org\/{rel}","templated":true}]}}