{"id":693,"date":"2024-02-27T10:51:15","date_gmt":"2024-02-27T09:51:15","guid":{"rendered":"https:\/\/fumoir-angoulins.fr\/index.php\/produit\/noix-de-st-jacques-francaises-fumees\/"},"modified":"2025-11-25T15:48:19","modified_gmt":"2025-11-25T14:48:19","slug":"noix-de-st-jacques-francaises-fumees","status":"publish","type":"product","link":"https:\/\/fumoir-angoulins.fr\/index.php\/produit\/noix-de-st-jacques-francaises-fumees\/","title":{"rendered":"Noix de St Jacques fran\u00e7aises fum\u00e9es"},"content":{"rendered":"<p>Noix de Saint-Jacques de Cancale fum\u00e9es, Pr\u00eat \u00e0 manger, se consomme avec une salade, un risotto ou pour compl\u00e9ter un plateau de fruits de mer.<\/p>\n<p>DLC courtes (15jours \u00e0 la mise sous vide)<\/p>\n<p>Produit frais \u00e0 conserver entre z\u00e9ro et 2\u00b0 \ufffc<\/p>\n<p>poids net 120g environ \/ 4 noix. Prix au kilo : 99\u20ac<\/p>\n","protected":false},"excerpt":{"rendered":"<p>Noix de Saint-Jacques de Cancale fum\u00e9es, Pr\u00eat \u00e0 manger, se consomme avec une salade, un risotto ou pour compl\u00e9ter un plateau de fruits de mer. DLC courtes (15jours \u00e0 la mise sous vide) Produit frais \u00e0 conserver entre z\u00e9ro et 2\u00b0 \ufffc poids net 120g environ \/ 4 noix. Prix au kilo : 99\u20ac<\/p>\n","protected":false},"featured_media":942,"comment_status":"open","ping_status":"closed","template":"","meta":{"advanced_seo_description":"","jetpack_seo_html_title":"","jetpack_seo_noindex":false},"product_brand":[],"product_cat":[38],"product_tag":[],"class_list":{"0":"post-693","1":"product","2":"type-product","3":"status-publish","4":"has-post-thumbnail","6":"product_cat-fumaison","8":"first","9":"instock","10":"taxable","11":"shipping-taxable","12":"purchasable","13":"product-type-simple"},"jetpack_sharing_enabled":true,"_links":{"self":[{"href":"https:\/\/fumoir-angoulins.fr\/index.php\/wp-json\/wp\/v2\/product\/693","targetHints":{"allow":["GET"]}}],"collection":[{"href":"https:\/\/fumoir-angoulins.fr\/index.php\/wp-json\/wp\/v2\/product"}],"about":[{"href":"https:\/\/fumoir-angoulins.fr\/index.php\/wp-json\/wp\/v2\/types\/product"}],"replies":[{"embeddable":true,"href":"https:\/\/fumoir-angoulins.fr\/index.php\/wp-json\/wp\/v2\/comments?post=693"}],"wp:featuredmedia":[{"embeddable":true,"href":"https:\/\/fumoir-angoulins.fr\/index.php\/wp-json\/wp\/v2\/media\/942"}],"wp:attachment":[{"href":"https:\/\/fumoir-angoulins.fr\/index.php\/wp-json\/wp\/v2\/media?parent=693"}],"wp:term":[{"taxonomy":"product_brand","embeddable":true,"href":"https:\/\/fumoir-angoulins.fr\/index.php\/wp-json\/wp\/v2\/product_brand?post=693"},{"taxonomy":"product_cat","embeddable":true,"href":"https:\/\/fumoir-angoulins.fr\/index.php\/wp-json\/wp\/v2\/product_cat?post=693"},{"taxonomy":"product_tag","embeddable":true,"href":"https:\/\/fumoir-angoulins.fr\/index.php\/wp-json\/wp\/v2\/product_tag?post=693"}],"curies":[{"name":"wp","href":"https:\/\/api.w.org\/{rel}","templated":true}]}}