{"id":890,"date":"2024-11-14T15:00:17","date_gmt":"2024-11-14T14:00:17","guid":{"rendered":"https:\/\/fumoir-angoulins.fr\/?post_type=product&#038;p=890"},"modified":"2025-12-08T09:42:09","modified_gmt":"2025-12-08T08:42:09","slug":"bar-fume-tranches-2","status":"publish","type":"product","link":"https:\/\/fumoir-angoulins.fr\/index.php\/produit\/bar-fume-tranches-2\/","title":{"rendered":"Bar fum\u00e9"},"content":{"rendered":"<p>Le bar est un poisson tr\u00e8s d\u00e9licat, \u00e0 une chair assez serr\u00e9, et est tr\u00e8s pris\u00e9 des \u00e9tals en poissonnerie. Ce poisson fonctionne tr\u00e8s bien en fumaison, qui accompagne son go\u00fbt naturel, agr\u00e9ment\u00e9 d&rsquo;une pointe de sel et enrob\u00e9 doucement du fum\u00e9.<\/p>\n<p>Vari\u00e9t\u00e9 tr\u00e8s pr\u00e9sente sur nos c\u00f4tes, il est tr\u00e8s appr\u00e9ci\u00e9<\/p>\n<p>Pr\u00eat \u00e0 manger, sans peau, sans arr\u00eate, parfait pour\ufffc une planche ap\u00e9ro, sur une salade, ou pour compl\u00e9ter une assiette de produits de la mer.<\/p>\n<p>\ufffcprix au kilo : 95\u20ac DLC 18 jours. Conditionnement sous-vide de +\/- 150g. \u00c0 conserver entre 0 et 2\u00b0C<\/p>\n<p>Pr\u00e9par\u00e9 en tranches \u00e0 la main. \ufffc<\/p>\n","protected":false},"excerpt":{"rendered":"<p>Le bar est un poisson tr\u00e8s d\u00e9licat, \u00e0 une chair assez serr\u00e9, et est tr\u00e8s pris\u00e9 des \u00e9tals en poissonnerie. Ce poisson fonctionne tr\u00e8s bien en fumaison, qui accompagne son go\u00fbt naturel, agr\u00e9ment\u00e9 d&rsquo;une pointe de sel et enrob\u00e9 doucement du fum\u00e9. Vari\u00e9t\u00e9 tr\u00e8s pr\u00e9sente sur nos c\u00f4tes, il est tr\u00e8s appr\u00e9ci\u00e9 Pr\u00eat \u00e0 manger, [&hellip;]<\/p>\n","protected":false},"featured_media":892,"comment_status":"closed","ping_status":"closed","template":"","meta":{"advanced_seo_description":"","jetpack_seo_html_title":"","jetpack_seo_noindex":false},"product_brand":[],"product_cat":[38],"product_tag":[],"class_list":{"0":"post-890","1":"product","2":"type-product","3":"status-publish","4":"has-post-thumbnail","6":"product_cat-fumaison","8":"first","9":"outofstock","10":"taxable","11":"shipping-taxable","12":"purchasable","13":"product-type-variable"},"jetpack_sharing_enabled":true,"_links":{"self":[{"href":"https:\/\/fumoir-angoulins.fr\/index.php\/wp-json\/wp\/v2\/product\/890","targetHints":{"allow":["GET"]}}],"collection":[{"href":"https:\/\/fumoir-angoulins.fr\/index.php\/wp-json\/wp\/v2\/product"}],"about":[{"href":"https:\/\/fumoir-angoulins.fr\/index.php\/wp-json\/wp\/v2\/types\/product"}],"replies":[{"embeddable":true,"href":"https:\/\/fumoir-angoulins.fr\/index.php\/wp-json\/wp\/v2\/comments?post=890"}],"wp:featuredmedia":[{"embeddable":true,"href":"https:\/\/fumoir-angoulins.fr\/index.php\/wp-json\/wp\/v2\/media\/892"}],"wp:attachment":[{"href":"https:\/\/fumoir-angoulins.fr\/index.php\/wp-json\/wp\/v2\/media?parent=890"}],"wp:term":[{"taxonomy":"product_brand","embeddable":true,"href":"https:\/\/fumoir-angoulins.fr\/index.php\/wp-json\/wp\/v2\/product_brand?post=890"},{"taxonomy":"product_cat","embeddable":true,"href":"https:\/\/fumoir-angoulins.fr\/index.php\/wp-json\/wp\/v2\/product_cat?post=890"},{"taxonomy":"product_tag","embeddable":true,"href":"https:\/\/fumoir-angoulins.fr\/index.php\/wp-json\/wp\/v2\/product_tag?post=890"}],"curies":[{"name":"wp","href":"https:\/\/api.w.org\/{rel}","templated":true}]}}