{"id":898,"date":"2024-11-14T15:21:16","date_gmt":"2024-11-14T14:21:16","guid":{"rendered":"https:\/\/fumoir-angoulins.fr\/?post_type=product&#038;p=898"},"modified":"2025-12-15T17:13:30","modified_gmt":"2025-12-15T16:13:30","slug":"mulet","status":"publish","type":"product","link":"https:\/\/fumoir-angoulins.fr\/index.php\/produit\/mulet\/","title":{"rendered":"Mulet noir fum\u00e9"},"content":{"rendered":"<p>Le mulet noir est un poisson mal aim\u00e9 traditionnellement, alors qu&rsquo;il a toutes les raisons de reprendre ses lettres de noblesse.<\/p>\n<p>C&rsquo;est un poisson gras, assez go\u00fbtu, pas aussi puissant que le maquereau mais on y va gentiment.<\/p>\n<p>Il est pr\u00eat \u00e0 manger sans la peau, sans arr\u00eate.<\/p>\n<p>Il ira tr\u00e8s bien sur les planches ap\u00e9ro, les salades et les bouillons.\ufffc<\/p>\n<p>\ufffcPrix au kilo : 67,50\u20ac. DLC 18 jours.<\/p>\n<p>Conditionnement sous-vide de +\/- 120g. \u00c0 conserver entre 0 et 2\u00b0C<\/p>\n<p>Pr\u00e9par\u00e9 en tranches \u00e0 la main. \ufffc<\/p>\n","protected":false},"excerpt":{"rendered":"<p>Le mulet noir est un poisson mal aim\u00e9 traditionnellement, alors qu&rsquo;il a toutes les raisons de reprendre ses lettres de noblesse. C&rsquo;est un poisson gras, assez go\u00fbtu, pas aussi puissant que le maquereau mais on y va gentiment. Il est pr\u00eat \u00e0 manger sans la peau, sans arr\u00eate. Il ira tr\u00e8s bien sur les planches [&hellip;]<\/p>\n","protected":false},"featured_media":955,"comment_status":"open","ping_status":"closed","template":"","meta":{"advanced_seo_description":"","jetpack_seo_html_title":"","jetpack_seo_noindex":false},"product_brand":[],"product_cat":[38],"product_tag":[],"class_list":{"0":"post-898","1":"product","2":"type-product","3":"status-publish","4":"has-post-thumbnail","6":"product_cat-fumaison","8":"first","9":"instock","10":"taxable","11":"shipping-taxable","12":"purchasable","13":"product-type-variable"},"jetpack_sharing_enabled":true,"_links":{"self":[{"href":"https:\/\/fumoir-angoulins.fr\/index.php\/wp-json\/wp\/v2\/product\/898","targetHints":{"allow":["GET"]}}],"collection":[{"href":"https:\/\/fumoir-angoulins.fr\/index.php\/wp-json\/wp\/v2\/product"}],"about":[{"href":"https:\/\/fumoir-angoulins.fr\/index.php\/wp-json\/wp\/v2\/types\/product"}],"replies":[{"embeddable":true,"href":"https:\/\/fumoir-angoulins.fr\/index.php\/wp-json\/wp\/v2\/comments?post=898"}],"wp:featuredmedia":[{"embeddable":true,"href":"https:\/\/fumoir-angoulins.fr\/index.php\/wp-json\/wp\/v2\/media\/955"}],"wp:attachment":[{"href":"https:\/\/fumoir-angoulins.fr\/index.php\/wp-json\/wp\/v2\/media?parent=898"}],"wp:term":[{"taxonomy":"product_brand","embeddable":true,"href":"https:\/\/fumoir-angoulins.fr\/index.php\/wp-json\/wp\/v2\/product_brand?post=898"},{"taxonomy":"product_cat","embeddable":true,"href":"https:\/\/fumoir-angoulins.fr\/index.php\/wp-json\/wp\/v2\/product_cat?post=898"},{"taxonomy":"product_tag","embeddable":true,"href":"https:\/\/fumoir-angoulins.fr\/index.php\/wp-json\/wp\/v2\/product_tag?post=898"}],"curies":[{"name":"wp","href":"https:\/\/api.w.org\/{rel}","templated":true}]}}