{"id":904,"date":"2024-11-14T15:38:53","date_gmt":"2024-11-14T14:38:53","guid":{"rendered":"https:\/\/fumoir-angoulins.fr\/?post_type=product&#038;p=904"},"modified":"2025-11-25T15:26:56","modified_gmt":"2025-11-25T14:26:56","slug":"maigre-fume","status":"publish","type":"product","link":"https:\/\/fumoir-angoulins.fr\/index.php\/produit\/maigre-fume\/","title":{"rendered":"Maigre fum\u00e9 en tranches"},"content":{"rendered":"<p>Le maigre est un poisson qui se plait particuli\u00e8rement dans les estuaires, autant dire qu&rsquo;il se plait en Charente-Maritime.<\/p>\n<p>C&rsquo;est un poisson \u00e0 chair ferme, fine et savoureuse, un poisson aussi raffin\u00e9 que le bar et se m\u00eale tr\u00e8s bien au fumage<\/p>\n<p>Il est pr\u00eat \u00e0 manger sans la peau, sans arr\u00eate.<\/p>\n<p>Il ira tr\u00e8s bien sur les planches ap\u00e9ro, les salades et les bouillons.\ufffc<\/p>\n<p>Prix au kilo : 89\u20ac. DLC 18 jours.<\/p>\n<p>Conditionnement sous-vide de +\/- 200g. \u00c0 conserver entre 0 et 2\u00b0C<\/p>\n<p>Pr\u00e9par\u00e9 en tranches \u00e0 la main. \ufffc<\/p>\n","protected":false},"excerpt":{"rendered":"<p>Le maigre est un poisson qui se plait particuli\u00e8rement dans les estuaires, autant dire qu&rsquo;il se plait en Charente-Maritime. C&rsquo;est un poisson \u00e0 chair ferme, fine et savoureuse, un poisson aussi raffin\u00e9 que le bar et se m\u00eale tr\u00e8s bien au fumage Il est pr\u00eat \u00e0 manger sans la peau, sans arr\u00eate. Il ira tr\u00e8s [&hellip;]<\/p>\n","protected":false},"featured_media":1433,"comment_status":"open","ping_status":"closed","template":"","meta":{"advanced_seo_description":"","jetpack_seo_html_title":"","jetpack_seo_noindex":false},"product_brand":[],"product_cat":[38],"product_tag":[],"class_list":{"0":"post-904","1":"product","2":"type-product","3":"status-publish","4":"has-post-thumbnail","6":"product_cat-fumaison","8":"first","9":"instock","10":"taxable","11":"shipping-taxable","12":"purchasable","13":"product-type-variable"},"jetpack_sharing_enabled":true,"_links":{"self":[{"href":"https:\/\/fumoir-angoulins.fr\/index.php\/wp-json\/wp\/v2\/product\/904","targetHints":{"allow":["GET"]}}],"collection":[{"href":"https:\/\/fumoir-angoulins.fr\/index.php\/wp-json\/wp\/v2\/product"}],"about":[{"href":"https:\/\/fumoir-angoulins.fr\/index.php\/wp-json\/wp\/v2\/types\/product"}],"replies":[{"embeddable":true,"href":"https:\/\/fumoir-angoulins.fr\/index.php\/wp-json\/wp\/v2\/comments?post=904"}],"wp:featuredmedia":[{"embeddable":true,"href":"https:\/\/fumoir-angoulins.fr\/index.php\/wp-json\/wp\/v2\/media\/1433"}],"wp:attachment":[{"href":"https:\/\/fumoir-angoulins.fr\/index.php\/wp-json\/wp\/v2\/media?parent=904"}],"wp:term":[{"taxonomy":"product_brand","embeddable":true,"href":"https:\/\/fumoir-angoulins.fr\/index.php\/wp-json\/wp\/v2\/product_brand?post=904"},{"taxonomy":"product_cat","embeddable":true,"href":"https:\/\/fumoir-angoulins.fr\/index.php\/wp-json\/wp\/v2\/product_cat?post=904"},{"taxonomy":"product_tag","embeddable":true,"href":"https:\/\/fumoir-angoulins.fr\/index.php\/wp-json\/wp\/v2\/product_tag?post=904"}],"curies":[{"name":"wp","href":"https:\/\/api.w.org\/{rel}","templated":true}]}}