{"id":916,"date":"2024-11-14T16:19:15","date_gmt":"2024-11-14T15:19:15","guid":{"rendered":"https:\/\/fumoir-angoulins.fr\/?post_type=product&#038;p=916"},"modified":"2025-12-01T12:23:29","modified_gmt":"2025-12-01T11:23:29","slug":"saumon-fume-label-rouge","status":"publish","type":"product","link":"https:\/\/fumoir-angoulins.fr\/index.php\/produit\/saumon-fume-label-rouge\/","title":{"rendered":"Saumon fum\u00e9 Label rouge"},"content":{"rendered":"<p>Saumon \u00e9cossais labellis\u00e9. C&rsquo;est une certification qui atteste que le poisson a \u00e9t\u00e9 \u00e9lev\u00e9 selon des normes durables et responsable. \ufffc<\/p>\n<p>Texture fondante, \ufffc<\/p>\n<p>prix au kilo : 85\u20ac<\/p>\n<p><em>Les photos ne sont pas contractuelles.<\/em><\/p>\n","protected":false},"excerpt":{"rendered":"<p>Saumon \u00e9cossais labellis\u00e9. C&rsquo;est une certification qui atteste que le poisson a \u00e9t\u00e9 \u00e9lev\u00e9 selon des normes durables et responsable. \ufffc Texture fondante, \ufffc prix au kilo : 85\u20ac Les photos ne sont pas contractuelles.<\/p>\n","protected":false},"featured_media":924,"comment_status":"open","ping_status":"closed","template":"","meta":{"advanced_seo_description":"","jetpack_seo_html_title":"","jetpack_seo_noindex":false},"product_brand":[],"product_cat":[38],"product_tag":[],"class_list":{"0":"post-916","1":"product","2":"type-product","3":"status-publish","4":"has-post-thumbnail","6":"product_cat-fumaison","8":"first","9":"instock","10":"taxable","11":"shipping-taxable","12":"purchasable","13":"product-type-variable"},"jetpack_sharing_enabled":true,"_links":{"self":[{"href":"https:\/\/fumoir-angoulins.fr\/index.php\/wp-json\/wp\/v2\/product\/916","targetHints":{"allow":["GET"]}}],"collection":[{"href":"https:\/\/fumoir-angoulins.fr\/index.php\/wp-json\/wp\/v2\/product"}],"about":[{"href":"https:\/\/fumoir-angoulins.fr\/index.php\/wp-json\/wp\/v2\/types\/product"}],"replies":[{"embeddable":true,"href":"https:\/\/fumoir-angoulins.fr\/index.php\/wp-json\/wp\/v2\/comments?post=916"}],"wp:featuredmedia":[{"embeddable":true,"href":"https:\/\/fumoir-angoulins.fr\/index.php\/wp-json\/wp\/v2\/media\/924"}],"wp:attachment":[{"href":"https:\/\/fumoir-angoulins.fr\/index.php\/wp-json\/wp\/v2\/media?parent=916"}],"wp:term":[{"taxonomy":"product_brand","embeddable":true,"href":"https:\/\/fumoir-angoulins.fr\/index.php\/wp-json\/wp\/v2\/product_brand?post=916"},{"taxonomy":"product_cat","embeddable":true,"href":"https:\/\/fumoir-angoulins.fr\/index.php\/wp-json\/wp\/v2\/product_cat?post=916"},{"taxonomy":"product_tag","embeddable":true,"href":"https:\/\/fumoir-angoulins.fr\/index.php\/wp-json\/wp\/v2\/product_tag?post=916"}],"curies":[{"name":"wp","href":"https:\/\/api.w.org\/{rel}","templated":true}]}}