{"id":960,"date":"2024-11-18T13:21:24","date_gmt":"2024-11-18T12:21:24","guid":{"rendered":"http:\/\/fumoir-angoulins.fr\/index.php\/produit\/oeufs-de-merlu-fume\/"},"modified":"2025-11-21T10:24:27","modified_gmt":"2025-11-21T09:24:27","slug":"poutargue","status":"publish","type":"product","link":"https:\/\/fumoir-angoulins.fr\/index.php\/produit\/poutargue\/","title":{"rendered":"Poutargue"},"content":{"rendered":"<p>\u0152ufs de merlu : sal\u00e9, fum\u00e9 , puis s\u00e9ch\u00e9 au fumoir d&rsquo;Angoulins<\/p>\n<p>Peut \u00eatre d\u00e9guster en condiment : en lamelles ou \u00e9cras\u00e9 sur un \u0153uf \u00e0 la coque ou des p\u00e2tes \u00e0 la cr\u00e8me ou juste sur un toast<\/p>\n<p>Prix au kilo : 173\u20ac<\/p>\n<p>Vendu en poche sous-vide de +\/- 30g<\/p>\n<p>Produit frais qui se conserve bien : 2 mois apr\u00e8s fabrication au frigo<\/p>\n","protected":false},"excerpt":{"rendered":"<p>\u0152ufs de merlu : sal\u00e9, fum\u00e9 , puis s\u00e9ch\u00e9 au fumoir d&rsquo;Angoulins Peut \u00eatre d\u00e9guster en condiment : en lamelles ou \u00e9cras\u00e9 sur un \u0153uf \u00e0 la coque ou des p\u00e2tes \u00e0 la cr\u00e8me ou juste sur un toast Prix au kilo : 173\u20ac Vendu en poche sous-vide de +\/- 30g Produit frais qui se [&hellip;]<\/p>\n","protected":false},"featured_media":959,"comment_status":"open","ping_status":"closed","template":"","meta":{"advanced_seo_description":"","jetpack_seo_html_title":"","jetpack_seo_noindex":false},"product_brand":[],"product_cat":[35],"product_tag":[],"class_list":{"0":"post-960","1":"product","2":"type-product","3":"status-publish","4":"has-post-thumbnail","6":"product_cat-non-classe","8":"first","9":"outofstock","10":"taxable","11":"shipping-taxable","12":"purchasable","13":"product-type-simple"},"jetpack_sharing_enabled":true,"_links":{"self":[{"href":"https:\/\/fumoir-angoulins.fr\/index.php\/wp-json\/wp\/v2\/product\/960","targetHints":{"allow":["GET"]}}],"collection":[{"href":"https:\/\/fumoir-angoulins.fr\/index.php\/wp-json\/wp\/v2\/product"}],"about":[{"href":"https:\/\/fumoir-angoulins.fr\/index.php\/wp-json\/wp\/v2\/types\/product"}],"replies":[{"embeddable":true,"href":"https:\/\/fumoir-angoulins.fr\/index.php\/wp-json\/wp\/v2\/comments?post=960"}],"wp:featuredmedia":[{"embeddable":true,"href":"https:\/\/fumoir-angoulins.fr\/index.php\/wp-json\/wp\/v2\/media\/959"}],"wp:attachment":[{"href":"https:\/\/fumoir-angoulins.fr\/index.php\/wp-json\/wp\/v2\/media?parent=960"}],"wp:term":[{"taxonomy":"product_brand","embeddable":true,"href":"https:\/\/fumoir-angoulins.fr\/index.php\/wp-json\/wp\/v2\/product_brand?post=960"},{"taxonomy":"product_cat","embeddable":true,"href":"https:\/\/fumoir-angoulins.fr\/index.php\/wp-json\/wp\/v2\/product_cat?post=960"},{"taxonomy":"product_tag","embeddable":true,"href":"https:\/\/fumoir-angoulins.fr\/index.php\/wp-json\/wp\/v2\/product_tag?post=960"}],"curies":[{"name":"wp","href":"https:\/\/api.w.org\/{rel}","templated":true}]}}