{"id":999,"date":"2024-11-22T16:09:12","date_gmt":"2024-11-22T15:09:12","guid":{"rendered":"https:\/\/fumoir-angoulins.fr\/?post_type=product&#038;p=999"},"modified":"2025-11-25T17:40:09","modified_gmt":"2025-11-25T16:40:09","slug":"gravlax-de-saumon","status":"publish","type":"product","link":"https:\/\/fumoir-angoulins.fr\/index.php\/produit\/gravlax-de-saumon\/","title":{"rendered":"GRAVLAX de saumon"},"content":{"rendered":"<p>Le gravlax de saumon est travaill\u00e9 sur un filet cru qui est marin\u00e9 dans du sel, du poivre, du sucre, de la laitue de mer (algue aromatique) et de l&rsquo;aquavit, servi d\u00e9coup\u00e9 en tranches \u00e9paisses.<\/p>\n<p>Prix au kilo 58\u20ac<\/p>\n<p>6 tranches \u00e9paisses, poids 180g environ<\/p>\n<p>DLC courte : 5 jours<\/p>\n","protected":false},"excerpt":{"rendered":"<p>Le gravlax de saumon est travaill\u00e9 sur un filet cru qui est marin\u00e9 dans du sel, du poivre, du sucre, de la laitue de mer (algue aromatique) et de l&rsquo;aquavit, servi d\u00e9coup\u00e9 en tranches \u00e9paisses. Prix au kilo 58\u20ac 6 tranches \u00e9paisses, poids 180g environ DLC courte : 5 jours<\/p>\n","protected":false},"featured_media":998,"comment_status":"open","ping_status":"closed","template":"","meta":{"advanced_seo_description":"","jetpack_seo_html_title":"","jetpack_seo_noindex":false},"product_brand":[],"product_cat":[42],"product_tag":[],"class_list":{"0":"post-999","1":"product","2":"type-product","3":"status-publish","4":"has-post-thumbnail","6":"product_cat-poissons-marines","8":"first","9":"instock","10":"taxable","11":"shipping-taxable","12":"purchasable","13":"product-type-simple"},"jetpack_sharing_enabled":true,"_links":{"self":[{"href":"https:\/\/fumoir-angoulins.fr\/index.php\/wp-json\/wp\/v2\/product\/999","targetHints":{"allow":["GET"]}}],"collection":[{"href":"https:\/\/fumoir-angoulins.fr\/index.php\/wp-json\/wp\/v2\/product"}],"about":[{"href":"https:\/\/fumoir-angoulins.fr\/index.php\/wp-json\/wp\/v2\/types\/product"}],"replies":[{"embeddable":true,"href":"https:\/\/fumoir-angoulins.fr\/index.php\/wp-json\/wp\/v2\/comments?post=999"}],"wp:featuredmedia":[{"embeddable":true,"href":"https:\/\/fumoir-angoulins.fr\/index.php\/wp-json\/wp\/v2\/media\/998"}],"wp:attachment":[{"href":"https:\/\/fumoir-angoulins.fr\/index.php\/wp-json\/wp\/v2\/media?parent=999"}],"wp:term":[{"taxonomy":"product_brand","embeddable":true,"href":"https:\/\/fumoir-angoulins.fr\/index.php\/wp-json\/wp\/v2\/product_brand?post=999"},{"taxonomy":"product_cat","embeddable":true,"href":"https:\/\/fumoir-angoulins.fr\/index.php\/wp-json\/wp\/v2\/product_cat?post=999"},{"taxonomy":"product_tag","embeddable":true,"href":"https:\/\/fumoir-angoulins.fr\/index.php\/wp-json\/wp\/v2\/product_tag?post=999"}],"curies":[{"name":"wp","href":"https:\/\/api.w.org\/{rel}","templated":true}]}}